{"id":4159,"date":"2020-04-07T10:52:50","date_gmt":"2020-04-07T08:52:50","guid":{"rendered":"http:\/\/test.kinnamark.se\/?page_id=4159"},"modified":"2020-04-29T11:08:21","modified_gmt":"2020-04-29T09:08:21","slug":"om-oss","status":"publish","type":"page","link":"https:\/\/kinnamark.se\/en\/om-oss\/","title":{"rendered":"ABOUT US"},"content":{"rendered":"<div data-elementor-type=\"wp-page\" data-elementor-id=\"4159\" class=\"elementor elementor-4159\" data-elementor-post-type=\"page\">\n\t\t\t\t\t\t<section class=\"elementor-section elementor-top-section elementor-element elementor-element-660a5c29 elementor-section-content-middle elementor-section-stretched elementor-section-boxed elementor-section-height-default elementor-section-height-default\" data-id=\"660a5c29\" data-element_type=\"section\" data-e-type=\"section\" data-settings=\"{&quot;stretch_section&quot;:&quot;section-stretched&quot;}\">\n\t\t\t\t\t\t<div class=\"elementor-container elementor-column-gap-no\">\n\t\t\t\t\t<div class=\"elementor-column elementor-col-100 elementor-top-column elementor-element elementor-element-12522b9a\" data-id=\"12522b9a\" data-element_type=\"column\" data-e-type=\"column\">\n\t\t\t<div class=\"elementor-widget-wrap elementor-element-populated\">\n\t\t\t\t\t\t<div class=\"elementor-element elementor-element-43f3c87b elementor-widget elementor-widget-heading\" data-id=\"43f3c87b\" data-element_type=\"widget\" data-e-type=\"widget\" data-widget_type=\"heading.default\">\n\t\t\t\t<div class=\"elementor-widget-container\">\n\t\t\t\t\t<h4 class=\"elementor-heading-title elementor-size-default\">WHATDOWEDO?<\/h4>\t\t\t\t<\/div>\n\t\t\t\t<\/div>\n\t\t\t\t<section class=\"elementor-section elementor-inner-section elementor-element elementor-element-69afd4b elementor-section-content-middle elementor-section-boxed elementor-section-height-default elementor-section-height-default\" data-id=\"69afd4b\" data-element_type=\"section\" data-e-type=\"section\">\n\t\t\t\t\t\t<div class=\"elementor-container elementor-column-gap-no\">\n\t\t\t\t\t<div class=\"elementor-column elementor-col-50 elementor-inner-column elementor-element elementor-element-14eec4a9\" data-id=\"14eec4a9\" data-element_type=\"column\" data-e-type=\"column\">\n\t\t\t<div class=\"elementor-widget-wrap elementor-element-populated\">\n\t\t\t\t\t\t<div class=\"elementor-element elementor-element-22da6d03 elementor-widget elementor-widget-image\" data-id=\"22da6d03\" data-element_type=\"widget\" data-e-type=\"widget\" data-widget_type=\"image.default\">\n\t\t\t\t<div class=\"elementor-widget-container\">\n\t\t\t\t\t\t\t\t\t\t\t\t\t\t\t<img decoding=\"async\" src=\"https:\/\/kinnamark.se\/wp-content\/uploads\/elementor\/thumbs\/micaelaviljamaa-1567065112464-ooqhc6ige3z0us0byiin6me0jp31w23d8lkvi6f9eg.jpg\" title=\"micaelaviljamaa-1567065112464\" alt=\"Gardin\" loading=\"lazy\" \/>\t\t\t\t\t\t\t\t\t\t\t\t\t\t\t<\/div>\n\t\t\t\t<\/div>\n\t\t\t\t\t<\/div>\n\t\t<\/div>\n\t\t\t\t<div class=\"elementor-column elementor-col-50 elementor-inner-column elementor-element elementor-element-1a9e606a\" data-id=\"1a9e606a\" data-element_type=\"column\" data-e-type=\"column\">\n\t\t\t<div class=\"elementor-widget-wrap elementor-element-populated\">\n\t\t\t\t\t\t<div class=\"elementor-element elementor-element-23d1a530 elementor-widget elementor-widget-heading\" data-id=\"23d1a530\" data-element_type=\"widget\" data-e-type=\"widget\" data-widget_type=\"heading.default\">\n\t\t\t\t<div class=\"elementor-widget-container\">\n\t\t\t\t\t<h2 class=\"elementor-heading-title elementor-size-default\">FURNISHING FABRICS<\/h2>\t\t\t\t<\/div>\n\t\t\t\t<\/div>\n\t\t\t\t<div class=\"elementor-element elementor-element-2ff1b558 elementor-widget elementor-widget-text-editor\" data-id=\"2ff1b558\" data-element_type=\"widget\" data-e-type=\"widget\" data-widget_type=\"text-editor.default\">\n\t\t\t\t<div class=\"elementor-widget-container\">\n\t\t\t\t\t\t\t\t\t<p>KINNAMARK IS A MANUFACTURER OF FURNISHING FABRICS FOR RESIDENTIAL &amp; CONTRACT BUSINESS.\u00a0<\/p>\t\t\t\t\t\t\t\t<\/div>\n\t\t\t\t<\/div>\n\t\t\t\t\t<\/div>\n\t\t<\/div>\n\t\t\t\t\t<\/div>\n\t\t<\/section>\n\t\t\t\t<section class=\"elementor-section elementor-inner-section elementor-element elementor-element-44369367 elementor-section-content-middle elementor-reverse-mobile elementor-section-boxed elementor-section-height-default elementor-section-height-default\" data-id=\"44369367\" data-element_type=\"section\" data-e-type=\"section\">\n\t\t\t\t\t\t<div class=\"elementor-container elementor-column-gap-no\">\n\t\t\t\t\t<div class=\"elementor-column elementor-col-50 elementor-inner-column elementor-element elementor-element-2a331417\" data-id=\"2a331417\" data-element_type=\"column\" data-e-type=\"column\">\n\t\t\t<div class=\"elementor-widget-wrap elementor-element-populated\">\n\t\t\t\t\t\t<div class=\"elementor-element elementor-element-3d6a5c90 elementor-widget elementor-widget-heading\" data-id=\"3d6a5c90\" data-element_type=\"widget\" data-e-type=\"widget\" data-widget_type=\"heading.default\">\n\t\t\t\t<div class=\"elementor-widget-container\">\n\t\t\t\t\t<h2 class=\"elementor-heading-title elementor-size-default\">PLAIN FABRICS<\/h2>\t\t\t\t<\/div>\n\t\t\t\t<\/div>\n\t\t\t\t<div class=\"elementor-element elementor-element-78c54dbf elementor-widget elementor-widget-text-editor\" data-id=\"78c54dbf\" data-element_type=\"widget\" data-e-type=\"widget\" data-widget_type=\"text-editor.default\">\n\t\t\t\t<div class=\"elementor-widget-container\">\n\t\t\t\t\t\t\t\t\t<p>WE HAVE A WIDE ASSORTMENT OF PLAIN FABRICS IN DIFFERENT MATERIALS AND CHARATIRISTICS. EVERYTHING FROM NATURAL MATERIALS, SUCH AS COTTON AND LINEN, TO FLAME RETARDANT PRODUCTS MANUFACTURED IN TREVIRA CS OR POLYESTER FR. MOST OF OUR PLAIN FABRICS ARE 280 CM TO 300 CM WIDE.<\/p>\t\t\t\t\t\t\t\t<\/div>\n\t\t\t\t<\/div>\n\t\t\t\t\t<\/div>\n\t\t<\/div>\n\t\t\t\t<div class=\"elementor-column elementor-col-50 elementor-inner-column elementor-element elementor-element-6e8778b2\" data-id=\"6e8778b2\" data-element_type=\"column\" data-e-type=\"column\">\n\t\t\t<div class=\"elementor-widget-wrap elementor-element-populated\">\n\t\t\t\t\t\t<div class=\"elementor-element elementor-element-54f80aa6 elementor-widget elementor-widget-image\" data-id=\"54f80aa6\" data-element_type=\"widget\" data-e-type=\"widget\" data-widget_type=\"image.default\">\n\t\t\t\t<div class=\"elementor-widget-container\">\n\t\t\t\t\t\t\t\t\t\t\t\t\t\t\t<img fetchpriority=\"high\" decoding=\"async\" width=\"640\" height=\"480\" src=\"https:\/\/kinnamark.se\/wp-content\/uploads\/2020\/04\/PALETTE-FR-101003-II-Interior.jpg\" class=\"attachment-large size-large wp-image-4039\" alt=\"\" srcset=\"https:\/\/kinnamark.se\/wp-content\/uploads\/2020\/04\/PALETTE-FR-101003-II-Interior.jpg 640w, https:\/\/kinnamark.se\/wp-content\/uploads\/2020\/04\/PALETTE-FR-101003-II-Interior-555x416.jpg 555w, https:\/\/kinnamark.se\/wp-content\/uploads\/2020\/04\/PALETTE-FR-101003-II-Interior-300x225.jpg 300w\" sizes=\"(max-width: 640px) 100vw, 640px\" \/>\t\t\t\t\t\t\t\t\t\t\t\t\t\t\t<\/div>\n\t\t\t\t<\/div>\n\t\t\t\t\t<\/div>\n\t\t<\/div>\n\t\t\t\t\t<\/div>\n\t\t<\/section>\n\t\t\t\t<section class=\"elementor-section elementor-inner-section elementor-element elementor-element-7bcff3c elementor-section-content-middle elementor-section-boxed elementor-section-height-default elementor-section-height-default\" data-id=\"7bcff3c\" data-element_type=\"section\" data-e-type=\"section\">\n\t\t\t\t\t\t<div class=\"elementor-container elementor-column-gap-no\">\n\t\t\t\t\t<div class=\"elementor-column elementor-col-50 elementor-inner-column elementor-element elementor-element-64731efb\" data-id=\"64731efb\" data-element_type=\"column\" data-e-type=\"column\">\n\t\t\t<div class=\"elementor-widget-wrap elementor-element-populated\">\n\t\t\t\t\t\t<div class=\"elementor-element elementor-element-1f78a3eb elementor-widget elementor-widget-image\" data-id=\"1f78a3eb\" data-element_type=\"widget\" data-e-type=\"widget\" data-widget_type=\"image.default\">\n\t\t\t\t<div class=\"elementor-widget-container\">\n\t\t\t\t\t\t\t\t\t\t\t\t\t\t\t<img decoding=\"async\" src=\"https:\/\/kinnamark.se\/wp-content\/uploads\/elementor\/thumbs\/SKAGEN-100992-04-I-Interior-scaled-ooqhga3473l1hk1z0sb2k35dt6vogjd84w03umcg9k.jpg\" title=\"SKAGEN 100992-04 I Interior\" alt=\"SKAGEN 100992-04 I Interior\" loading=\"lazy\" \/>\t\t\t\t\t\t\t\t\t\t\t\t\t\t\t<\/div>\n\t\t\t\t<\/div>\n\t\t\t\t\t<\/div>\n\t\t<\/div>\n\t\t\t\t<div class=\"elementor-column elementor-col-50 elementor-inner-column elementor-element elementor-element-35f3029c\" data-id=\"35f3029c\" data-element_type=\"column\" data-e-type=\"column\">\n\t\t\t<div class=\"elementor-widget-wrap elementor-element-populated\">\n\t\t\t\t\t\t<div class=\"elementor-element elementor-element-25f30e59 elementor-widget elementor-widget-heading\" data-id=\"25f30e59\" data-element_type=\"widget\" data-e-type=\"widget\" data-widget_type=\"heading.default\">\n\t\t\t\t<div class=\"elementor-widget-container\">\n\t\t\t\t\t<h2 class=\"elementor-heading-title elementor-size-default\">PATTERNED FABRICS<\/h2>\t\t\t\t<\/div>\n\t\t\t\t<\/div>\n\t\t\t\t<div class=\"elementor-element elementor-element-69ec94d8 elementor-widget elementor-widget-text-editor\" data-id=\"69ec94d8\" data-element_type=\"widget\" data-e-type=\"widget\" data-widget_type=\"text-editor.default\">\n\t\t\t\t<div class=\"elementor-widget-container\">\n\t\t\t\t\t\t\t\t\t<p>WE HAVE A LONG HISTORY OF CREATING TEXTILE PATTERNS. THE INSPIRATION AND THE EXPRESSION COME FROM OUR SCANDINAVIAN DESIGN TRADITION.\u00a0<\/p>\t\t\t\t\t\t\t\t<\/div>\n\t\t\t\t<\/div>\n\t\t\t\t\t<\/div>\n\t\t<\/div>\n\t\t\t\t\t<\/div>\n\t\t<\/section>\n\t\t\t\t<section class=\"elementor-section elementor-inner-section elementor-element elementor-element-8d14d62 elementor-section-content-middle elementor-reverse-mobile elementor-section-boxed elementor-section-height-default elementor-section-height-default\" data-id=\"8d14d62\" data-element_type=\"section\" data-e-type=\"section\">\n\t\t\t\t\t\t<div class=\"elementor-container elementor-column-gap-no\">\n\t\t\t\t\t<div class=\"elementor-column elementor-col-50 elementor-inner-column elementor-element elementor-element-2792f18b\" data-id=\"2792f18b\" data-element_type=\"column\" data-e-type=\"column\">\n\t\t\t<div class=\"elementor-widget-wrap elementor-element-populated\">\n\t\t\t\t\t\t<div class=\"elementor-element elementor-element-152dad68 elementor-widget elementor-widget-heading\" data-id=\"152dad68\" data-element_type=\"widget\" data-e-type=\"widget\" data-widget_type=\"heading.default\">\n\t\t\t\t<div class=\"elementor-widget-container\">\n\t\t\t\t\t<h2 class=\"elementor-heading-title elementor-size-default\">CUSTOMIZED PRODUCTS<\/h2>\t\t\t\t<\/div>\n\t\t\t\t<\/div>\n\t\t\t\t<div class=\"elementor-element elementor-element-19d44873 elementor-widget elementor-widget-text-editor\" data-id=\"19d44873\" data-element_type=\"widget\" data-e-type=\"widget\" data-widget_type=\"text-editor.default\">\n\t\t\t\t<div class=\"elementor-widget-container\">\n\t\t\t\t\t\t\t\t\t<p>WE CAN CUSTOMIZE ALL PRODUCTS IN OUR COLLECTION. IF YOU DON'T FIND ANYTHING IN THE EXISTING COLLECTION, WE ALSO HAVE THE POSSIBILITY  TO OFFER EXACTLY WHAT YOU ARE LOOKING FOR.<\/p>\t\t\t\t\t\t\t\t<\/div>\n\t\t\t\t<\/div>\n\t\t\t\t\t<\/div>\n\t\t<\/div>\n\t\t\t\t<div class=\"elementor-column elementor-col-50 elementor-inner-column elementor-element elementor-element-10d61fd1\" data-id=\"10d61fd1\" data-element_type=\"column\" data-e-type=\"column\">\n\t\t\t<div class=\"elementor-widget-wrap elementor-element-populated\">\n\t\t\t\t\t\t<div class=\"elementor-element elementor-element-7809b20a elementor-widget elementor-widget-image\" data-id=\"7809b20a\" data-element_type=\"widget\" data-e-type=\"widget\" data-widget_type=\"image.default\">\n\t\t\t\t<div class=\"elementor-widget-container\">\n\t\t\t\t\t\t\t\t\t\t\t\t\t\t\t<img decoding=\"async\" src=\"https:\/\/kinnamark.se\/wp-content\/uploads\/elementor\/thumbs\/Jaquard-Weaving-Machine-BW-2-scaled-ooqhcez03malr9o1l46ab295w5xctc0y9rg8to2pug.jpg\" title=\"Jaquard Weaving Machine BW 2\" alt=\"Jaquard Weaving Machine BW 2\" loading=\"lazy\" \/>\t\t\t\t\t\t\t\t\t\t\t\t\t\t\t<\/div>\n\t\t\t\t<\/div>\n\t\t\t\t\t<\/div>\n\t\t<\/div>\n\t\t\t\t\t<\/div>\n\t\t<\/section>\n\t\t\t\t\t<\/div>\n\t\t<\/div>\n\t\t\t\t\t<\/div>\n\t\t<\/section>\n\t\t\t\t<section class=\"elementor-section elementor-top-section elementor-element elementor-element-22d160be elementor-section-content-middle elementor-section-stretched elementor-section-boxed elementor-section-height-default elementor-section-height-default\" data-id=\"22d160be\" data-element_type=\"section\" data-e-type=\"section\" data-settings=\"{&quot;stretch_section&quot;:&quot;section-stretched&quot;}\">\n\t\t\t\t\t\t<div class=\"elementor-container elementor-column-gap-no\">\n\t\t\t\t\t<div class=\"elementor-column elementor-col-100 elementor-top-column elementor-element elementor-element-60db4b46\" data-id=\"60db4b46\" data-element_type=\"column\" data-e-type=\"column\">\n\t\t\t<div class=\"elementor-widget-wrap elementor-element-populated\">\n\t\t\t\t\t\t<div class=\"elementor-element elementor-element-361fd92f elementor-widget elementor-widget-heading\" data-id=\"361fd92f\" data-element_type=\"widget\" data-e-type=\"widget\" data-widget_type=\"heading.default\">\n\t\t\t\t<div class=\"elementor-widget-container\">\n\t\t\t\t\t<h4 class=\"elementor-heading-title elementor-size-default\">HUR G\u00d6R VI?<\/h4>\t\t\t\t<\/div>\n\t\t\t\t<\/div>\n\t\t\t\t<section class=\"elementor-section elementor-inner-section elementor-element elementor-element-7636c0f9 elementor-section-content-middle elementor-section-boxed elementor-section-height-default elementor-section-height-default\" data-id=\"7636c0f9\" data-element_type=\"section\" data-e-type=\"section\">\n\t\t\t\t\t\t<div class=\"elementor-container elementor-column-gap-no\">\n\t\t\t\t\t<div class=\"elementor-column elementor-col-50 elementor-inner-column elementor-element elementor-element-789eae5c\" data-id=\"789eae5c\" data-element_type=\"column\" data-e-type=\"column\">\n\t\t\t<div class=\"elementor-widget-wrap elementor-element-populated\">\n\t\t\t\t\t\t<div class=\"elementor-element elementor-element-3feb62fc elementor-widget elementor-widget-image\" data-id=\"3feb62fc\" data-element_type=\"widget\" data-e-type=\"widget\" data-widget_type=\"image.default\">\n\t\t\t\t<div class=\"elementor-widget-container\">\n\t\t\t\t\t\t\t\t\t\t\t\t\t\t\t<img decoding=\"async\" src=\"https:\/\/kinnamark.se\/wp-content\/uploads\/elementor\/thumbs\/Jaquard-Weaving-Machine-BW-1-scaled-ooqhcez03malr9o1l46ab295w5xctc0y9rg8to2pug.jpg\" title=\"Jaquard Weaving Machine BW 1\" alt=\"Jaquard Weaving Machine BW 1\" loading=\"lazy\" \/>\t\t\t\t\t\t\t\t\t\t\t\t\t\t\t<\/div>\n\t\t\t\t<\/div>\n\t\t\t\t\t<\/div>\n\t\t<\/div>\n\t\t\t\t<div class=\"elementor-column elementor-col-50 elementor-inner-column elementor-element elementor-element-6f69c296\" data-id=\"6f69c296\" data-element_type=\"column\" data-e-type=\"column\">\n\t\t\t<div class=\"elementor-widget-wrap elementor-element-populated\">\n\t\t\t\t\t\t<div class=\"elementor-element elementor-element-3469962b elementor-widget elementor-widget-heading\" data-id=\"3469962b\" data-element_type=\"widget\" data-e-type=\"widget\" data-widget_type=\"heading.default\">\n\t\t\t\t<div class=\"elementor-widget-container\">\n\t\t\t\t\t<h2 class=\"elementor-heading-title elementor-size-default\">PRODUCTIOIN<\/h2>\t\t\t\t<\/div>\n\t\t\t\t<\/div>\n\t\t\t\t<div class=\"elementor-element elementor-element-765154d9 elementor-widget elementor-widget-text-editor\" data-id=\"765154d9\" data-element_type=\"widget\" data-e-type=\"widget\" data-widget_type=\"text-editor.default\">\n\t\t\t\t<div class=\"elementor-widget-container\">\n\t\t\t\t\t\t\t\t\t<p style=\"text-align: center;\">WE MAINLY MANUFACTURE OUR FABRICS IN MODERN FACTORIES IN EUROPE. OUR OFFICE AND WAREHOUSE IS LOCATED IN SKENE, WHICH IS LOCATED IN THE HEART OF SWEDEN'S TEXTILE MECCA.<\/p>\t\t\t\t\t\t\t\t<\/div>\n\t\t\t\t<\/div>\n\t\t\t\t\t<\/div>\n\t\t<\/div>\n\t\t\t\t\t<\/div>\n\t\t<\/section>\n\t\t\t\t<section class=\"elementor-section elementor-inner-section elementor-element elementor-element-1cc02849 elementor-section-content-middle elementor-reverse-mobile elementor-section-boxed elementor-section-height-default elementor-section-height-default\" data-id=\"1cc02849\" data-element_type=\"section\" data-e-type=\"section\">\n\t\t\t\t\t\t<div class=\"elementor-container elementor-column-gap-no\">\n\t\t\t\t\t<div class=\"elementor-column elementor-col-50 elementor-inner-column elementor-element elementor-element-6074b3f9\" data-id=\"6074b3f9\" data-element_type=\"column\" data-e-type=\"column\">\n\t\t\t<div class=\"elementor-widget-wrap elementor-element-populated\">\n\t\t\t\t\t\t<div class=\"elementor-element elementor-element-2abd25d3 elementor-widget elementor-widget-heading\" data-id=\"2abd25d3\" data-element_type=\"widget\" data-e-type=\"widget\" data-widget_type=\"heading.default\">\n\t\t\t\t<div class=\"elementor-widget-container\">\n\t\t\t\t\t<h2 class=\"elementor-heading-title elementor-size-default\">DELIVERY SERVICE<\/h2>\t\t\t\t<\/div>\n\t\t\t\t<\/div>\n\t\t\t\t<div class=\"elementor-element elementor-element-7404435f elementor-widget elementor-widget-text-editor\" data-id=\"7404435f\" data-element_type=\"widget\" data-e-type=\"widget\" data-widget_type=\"text-editor.default\">\n\t\t\t\t<div class=\"elementor-widget-container\">\n\t\t\t\t\t\t\t\t\t<p>WE HAVE A HIGH LEVEL OF SERVICE WITH FAST, SAFE DELIVERIES. <br \/>WE COOPERATE WITH SOME OF EUROPE'S LARGEST TEXTILE PRODUCERS, WHICH MEANS THAT WE CAN DELIVER LARGE VOLUMES WITH SHORT LEAD TIME.<\/p>\t\t\t\t\t\t\t\t<\/div>\n\t\t\t\t<\/div>\n\t\t\t\t\t<\/div>\n\t\t<\/div>\n\t\t\t\t<div class=\"elementor-column elementor-col-50 elementor-inner-column elementor-element elementor-element-1c9a00d8\" data-id=\"1c9a00d8\" data-element_type=\"column\" data-e-type=\"column\">\n\t\t\t<div class=\"elementor-widget-wrap elementor-element-populated\">\n\t\t\t\t\t\t<div class=\"elementor-element elementor-element-b521ce elementor-widget elementor-widget-image\" data-id=\"b521ce\" data-element_type=\"widget\" data-e-type=\"widget\" data-widget_type=\"image.default\">\n\t\t\t\t<div class=\"elementor-widget-container\">\n\t\t\t\t\t\t\t\t\t\t\t\t\t\t\t<img decoding=\"async\" width=\"980\" height=\"654\" src=\"https:\/\/kinnamark.se\/wp-content\/uploads\/2020\/04\/Bild-Stocklot-1024x683.jpg\" class=\"attachment-large size-large wp-image-4201\" alt=\"\" srcset=\"https:\/\/kinnamark.se\/wp-content\/uploads\/2020\/04\/Bild-Stocklot-1024x683.jpg 1024w, https:\/\/kinnamark.se\/wp-content\/uploads\/2020\/04\/Bild-Stocklot-555x370.jpg 555w, https:\/\/kinnamark.se\/wp-content\/uploads\/2020\/04\/Bild-Stocklot-300x200.jpg 300w, https:\/\/kinnamark.se\/wp-content\/uploads\/2020\/04\/Bild-Stocklot-768x512.jpg 768w, https:\/\/kinnamark.se\/wp-content\/uploads\/2020\/04\/Bild-Stocklot-1536x1024.jpg 1536w, https:\/\/kinnamark.se\/wp-content\/uploads\/2020\/04\/Bild-Stocklot-2048x1365.jpg 2048w, https:\/\/kinnamark.se\/wp-content\/uploads\/2020\/04\/Bild-Stocklot-750x500.jpg 750w\" sizes=\"(max-width: 980px) 100vw, 980px\" \/>\t\t\t\t\t\t\t\t\t\t\t\t\t\t\t<\/div>\n\t\t\t\t<\/div>\n\t\t\t\t\t<\/div>\n\t\t<\/div>\n\t\t\t\t\t<\/div>\n\t\t<\/section>\n\t\t\t\t<section class=\"elementor-section elementor-inner-section elementor-element elementor-element-2ece3c2d elementor-section-content-middle elementor-section-boxed elementor-section-height-default elementor-section-height-default\" data-id=\"2ece3c2d\" data-element_type=\"section\" data-e-type=\"section\">\n\t\t\t\t\t\t<div class=\"elementor-container elementor-column-gap-no\">\n\t\t\t\t\t<div class=\"elementor-column elementor-col-50 elementor-inner-column elementor-element elementor-element-6ce6d1c\" data-id=\"6ce6d1c\" data-element_type=\"column\" data-e-type=\"column\">\n\t\t\t<div class=\"elementor-widget-wrap elementor-element-populated\">\n\t\t\t\t\t\t<div class=\"elementor-element elementor-element-5b25c50a elementor-widget elementor-widget-image\" data-id=\"5b25c50a\" data-element_type=\"widget\" data-e-type=\"widget\" data-widget_type=\"image.default\">\n\t\t\t\t<div class=\"elementor-widget-container\">\n\t\t\t\t\t\t\t\t\t\t\t\t\t\t\t<img decoding=\"async\" width=\"980\" height=\"655\" src=\"https:\/\/kinnamark.se\/wp-content\/uploads\/2020\/04\/Granskog-1024x684.jpg\" class=\"attachment-large size-large wp-image-4470\" alt=\"\" srcset=\"https:\/\/kinnamark.se\/wp-content\/uploads\/2020\/04\/Granskog-1024x684.jpg 1024w, https:\/\/kinnamark.se\/wp-content\/uploads\/2020\/04\/Granskog-555x371.jpg 555w, https:\/\/kinnamark.se\/wp-content\/uploads\/2020\/04\/Granskog-300x200.jpg 300w, https:\/\/kinnamark.se\/wp-content\/uploads\/2020\/04\/Granskog-768x513.jpg 768w, https:\/\/kinnamark.se\/wp-content\/uploads\/2020\/04\/Granskog-1536x1025.jpg 1536w, https:\/\/kinnamark.se\/wp-content\/uploads\/2020\/04\/Granskog-2048x1367.jpg 2048w, https:\/\/kinnamark.se\/wp-content\/uploads\/2020\/04\/Granskog-750x500.jpg 750w\" sizes=\"(max-width: 980px) 100vw, 980px\" \/>\t\t\t\t\t\t\t\t\t\t\t\t\t\t\t<\/div>\n\t\t\t\t<\/div>\n\t\t\t\t\t<\/div>\n\t\t<\/div>\n\t\t\t\t<div class=\"elementor-column elementor-col-50 elementor-inner-column elementor-element elementor-element-5baa47c1\" data-id=\"5baa47c1\" data-element_type=\"column\" data-e-type=\"column\">\n\t\t\t<div class=\"elementor-widget-wrap elementor-element-populated\">\n\t\t\t\t\t\t<div class=\"elementor-element elementor-element-24643d78 elementor-widget elementor-widget-heading\" data-id=\"24643d78\" data-element_type=\"widget\" data-e-type=\"widget\" data-widget_type=\"heading.default\">\n\t\t\t\t<div class=\"elementor-widget-container\">\n\t\t\t\t\t<h2 class=\"elementor-heading-title elementor-size-default\">ENVIRONMENT<\/h2>\t\t\t\t<\/div>\n\t\t\t\t<\/div>\n\t\t\t\t<div class=\"elementor-element elementor-element-7909dc19 elementor-widget elementor-widget-text-editor\" data-id=\"7909dc19\" data-element_type=\"widget\" data-e-type=\"widget\" data-widget_type=\"text-editor.default\">\n\t\t\t\t<div class=\"elementor-widget-container\">\n\t\t\t\t\t\t\t\t\t<p>OUR PRODUCTS ARE MANUFACTURED IN MODERN FACTORIES WITH HIGH ENVIRONMENTAL REQUIREMENTS. OUR ENVIRONMENT IS IMPORTANT, THERFORE OUR PRODUCTS ARE CERTIFIED WITH \u00d6KO-TEX 100 AND REACH.<\/p>\t\t\t\t\t\t\t\t<\/div>\n\t\t\t\t<\/div>\n\t\t\t\t\t<\/div>\n\t\t<\/div>\n\t\t\t\t\t<\/div>\n\t\t<\/section>\n\t\t\t\t\t<\/div>\n\t\t<\/div>\n\t\t\t\t\t<\/div>\n\t\t<\/section>\n\t\t\t\t<\/div>","protected":false},"excerpt":{"rendered":"<p>VAD G\u00d6R VI? INREDNINGSTYGER KINNAMARK PRODUCERAR INREDNINGSTYGER F\u00d6R HEM- &amp; OFFENTLIG MILJ\u00d6.\u00a0 ENF\u00c4RGAD TEXTIL VI HAR ETT BRETT UTBUD AV ENF\u00c4RGAD TEXTIL I OLIKA MATERIAL OCH EGENSKAPER. ALLT FR\u00c5N NATURMATERIAL, S\u00c5SOM BOMULL OCH LIN, TILL FLAMS\u00c4KRA PRODUKTER TILLVERKADE I TREVIRA CS ELLER POLYESTER FR. DE FLESTA AV V\u00c5RA ENF\u00c4RGADE TYGER \u00c4R 280 CM TILL 300 [&hellip;]<\/p>\n","protected":false},"author":1,"featured_media":0,"parent":0,"menu_order":0,"comment_status":"closed","ping_status":"closed","template":"","meta":{"_acf_changed":false,"_angie_page":false,"_exactmetrics_skip_tracking":false,"_exactmetrics_sitenote_active":false,"_exactmetrics_sitenote_note":"","_exactmetrics_sitenote_category":0,"footnotes":""},"class_list":["post-4159","page","type-page","status-publish","hentry"],"acf":[],"aioseo_notices":[],"_links":{"self":[{"href":"https:\/\/kinnamark.se\/en\/wp-json\/wp\/v2\/pages\/4159","targetHints":{"allow":["GET"]}}],"collection":[{"href":"https:\/\/kinnamark.se\/en\/wp-json\/wp\/v2\/pages"}],"about":[{"href":"https:\/\/kinnamark.se\/en\/wp-json\/wp\/v2\/types\/page"}],"author":[{"embeddable":true,"href":"https:\/\/kinnamark.se\/en\/wp-json\/wp\/v2\/users\/1"}],"replies":[{"embeddable":true,"href":"https:\/\/kinnamark.se\/en\/wp-json\/wp\/v2\/comments?post=4159"}],"version-history":[{"count":22,"href":"https:\/\/kinnamark.se\/en\/wp-json\/wp\/v2\/pages\/4159\/revisions"}],"predecessor-version":[{"id":4579,"href":"https:\/\/kinnamark.se\/en\/wp-json\/wp\/v2\/pages\/4159\/revisions\/4579"}],"wp:attachment":[{"href":"https:\/\/kinnamark.se\/en\/wp-json\/wp\/v2\/media?parent=4159"}],"curies":[{"name":"wp","href":"https:\/\/api.w.org\/{rel}","templated":true}]}}