{"id":2441,"date":"2020-03-19T19:39:29","date_gmt":"2020-03-19T18:39:29","guid":{"rendered":"http:\/\/test.kinnamark.se\/?post_type=product&#038;p=2441"},"modified":"2021-02-04T23:09:42","modified_gmt":"2021-02-04T22:09:42","slug":"nature-fr","status":"publish","type":"product","link":"https:\/\/kinnamark.se\/en\/kollektion\/nature-fr\/","title":{"rendered":"NATURE &#8211; FR"},"content":{"rendered":"","protected":false},"excerpt":{"rendered":"<p>Nature \u00e4r ett vackert tyg som uttrycker just naturlighet. Tyget \u00e4r v\u00e4vt med exklsiva garner d\u00e4r f\u00e4rgtoner ligger blandade f\u00f6r att skapa ett djup och oregelbundenhet.<br \/>\nDen eleganta kvalit\u00e9n ger ett vackert fall och med en bredd p\u00e5 300 cm \u00e4r den utm\u00e4rkt f\u00f6r st\u00f6rre upph\u00e4ngningar. Nature har dessutom bra akustisk ljudklassning, vilket g\u00f6r den extra intressant. F\u00e4rgskalan utstr\u00e5lar naturlighet och f\u00e4rgtonerna vandrar i dova, jordn\u00e4ra pasteller.<\/p>","protected":false},"featured_media":714,"template":"","meta":{"_acf_changed":false,"_angie_page":false,"_exactmetrics_skip_tracking":false,"_exactmetrics_sitenote_active":false,"_exactmetrics_sitenote_note":"","_exactmetrics_sitenote_category":0},"product_brand":[],"product_cat":[42],"product_tag":[46,47,45],"class_list":{"0":"post-2441","1":"product","2":"type-product","3":"status-publish","4":"has-post-thumbnail","6":"product_cat-hangande-textil","7":"product_tag-akustik","8":"product_tag-enfargat","9":"product_tag-flamsaker","10":"pa_material-polyester-trevira-cs","11":"pa_tygbredd-300-cm","13":"first","14":"instock","15":"shipping-taxable","16":"product-type-simple"},"acf":[],"aioseo_notices":[],"_links":{"self":[{"href":"https:\/\/kinnamark.se\/en\/wp-json\/wp\/v2\/product\/2441","targetHints":{"allow":["GET"]}}],"collection":[{"href":"https:\/\/kinnamark.se\/en\/wp-json\/wp\/v2\/product"}],"about":[{"href":"https:\/\/kinnamark.se\/en\/wp-json\/wp\/v2\/types\/product"}],"version-history":[{"count":14,"href":"https:\/\/kinnamark.se\/en\/wp-json\/wp\/v2\/product\/2441\/revisions"}],"predecessor-version":[{"id":4653,"href":"https:\/\/kinnamark.se\/en\/wp-json\/wp\/v2\/product\/2441\/revisions\/4653"}],"wp:featuredmedia":[{"embeddable":true,"href":"https:\/\/kinnamark.se\/en\/wp-json\/wp\/v2\/media\/714"}],"wp:attachment":[{"href":"https:\/\/kinnamark.se\/en\/wp-json\/wp\/v2\/media?parent=2441"}],"wp:term":[{"taxonomy":"product_brand","embeddable":true,"href":"https:\/\/kinnamark.se\/en\/wp-json\/wp\/v2\/product_brand?post=2441"},{"taxonomy":"product_cat","embeddable":true,"href":"https:\/\/kinnamark.se\/en\/wp-json\/wp\/v2\/product_cat?post=2441"},{"taxonomy":"product_tag","embeddable":true,"href":"https:\/\/kinnamark.se\/en\/wp-json\/wp\/v2\/product_tag?post=2441"}],"curies":[{"name":"wp","href":"https:\/\/api.w.org\/{rel}","templated":true}]}}