{"id":2474,"date":"2020-03-19T20:56:30","date_gmt":"2020-03-19T19:56:30","guid":{"rendered":"http:\/\/test.kinnamark.se\/?post_type=product&#038;p=2474"},"modified":"2021-02-04T23:15:17","modified_gmt":"2021-02-04T22:15:17","slug":"fade-fr","status":"publish","type":"product","link":"https:\/\/kinnamark.se\/en\/kollektion\/fade-fr\/","title":{"rendered":"FADE &#8211; FR"},"content":{"rendered":"","protected":false},"excerpt":{"rendered":"<p>Fade inneh\u00e5ller tre kontrasterande f\u00e4rger, som tillsammans skapar en vacker yta, men \u00e4nd\u00e5 ger ett enf\u00e4rgat intryck. Tyget utstr\u00e5lar natur med en svagt skimrande yta. F\u00e4rgskalan \u00e4r f\u00f6rsiktig med svaga f\u00e4rgtoner som g\u00f6r att tyget l\u00e4tt kan kombineras med andra tyger och inredning.<\/p>","protected":false},"featured_media":2558,"template":"","meta":{"_acf_changed":false,"_angie_page":false,"_exactmetrics_skip_tracking":false,"_exactmetrics_sitenote_active":false,"_exactmetrics_sitenote_note":"","_exactmetrics_sitenote_category":0},"product_brand":[],"product_cat":[42],"product_tag":[51,47,45],"class_list":{"0":"post-2474","1":"product","2":"type-product","3":"status-publish","4":"has-post-thumbnail","6":"product_cat-hangande-textil","7":"product_tag-bred-textil","8":"product_tag-enfargat","9":"product_tag-flamsaker","10":"pa_material-polyester-trevira-cs","11":"pa_tygbredd-300-cm","13":"first","14":"instock","15":"shipping-taxable","16":"product-type-simple"},"acf":[],"aioseo_notices":[],"_links":{"self":[{"href":"https:\/\/kinnamark.se\/en\/wp-json\/wp\/v2\/product\/2474","targetHints":{"allow":["GET"]}}],"collection":[{"href":"https:\/\/kinnamark.se\/en\/wp-json\/wp\/v2\/product"}],"about":[{"href":"https:\/\/kinnamark.se\/en\/wp-json\/wp\/v2\/types\/product"}],"version-history":[{"count":7,"href":"https:\/\/kinnamark.se\/en\/wp-json\/wp\/v2\/product\/2474\/revisions"}],"predecessor-version":[{"id":4654,"href":"https:\/\/kinnamark.se\/en\/wp-json\/wp\/v2\/product\/2474\/revisions\/4654"}],"wp:featuredmedia":[{"embeddable":true,"href":"https:\/\/kinnamark.se\/en\/wp-json\/wp\/v2\/media\/2558"}],"wp:attachment":[{"href":"https:\/\/kinnamark.se\/en\/wp-json\/wp\/v2\/media?parent=2474"}],"wp:term":[{"taxonomy":"product_brand","embeddable":true,"href":"https:\/\/kinnamark.se\/en\/wp-json\/wp\/v2\/product_brand?post=2474"},{"taxonomy":"product_cat","embeddable":true,"href":"https:\/\/kinnamark.se\/en\/wp-json\/wp\/v2\/product_cat?post=2474"},{"taxonomy":"product_tag","embeddable":true,"href":"https:\/\/kinnamark.se\/en\/wp-json\/wp\/v2\/product_tag?post=2474"}],"curies":[{"name":"wp","href":"https:\/\/api.w.org\/{rel}","templated":true}]}}