{"id":2496,"date":"2020-03-19T21:09:44","date_gmt":"2020-03-19T20:09:44","guid":{"rendered":"http:\/\/test.kinnamark.se\/?post_type=product&#038;p=2496"},"modified":"2024-03-06T08:50:12","modified_gmt":"2024-03-06T07:50:12","slug":"flame-fr","status":"publish","type":"product","link":"https:\/\/kinnamark.se\/en\/kollektion\/flame-fr\/","title":{"rendered":"FLAME &#8211; FR"},"content":{"rendered":"","protected":false},"excerpt":{"rendered":"<p>Flame \u00e4r ett elegant tyg med fint fall. Tyget \u00e4r transparent med en liten lyster och svag struktur, vilket ger gardinen ett fint liv. Flame \u00e4r flams\u00e4kert och 300 cm brett, vilket g\u00f6r det passande att h\u00e4nga som breda wave gardiner.<br \/>\nF\u00e4rgskalan \u00e4r f\u00f6rsiktig med svaga f\u00e4rgtoner som g\u00f6r att tyget l\u00e4tt kan kombineras med andra tyger och \u00f6vrig inredning. Flame \u00e4r tillverkat av flams\u00e4ker polyester fr\u00e5n Trevira CS, vilket g\u00f6r att det \u00e4r 100% \u00e5tervinningsbart.<\/p>","protected":false},"featured_media":5106,"template":"","meta":{"_acf_changed":false,"_angie_page":false,"_exactmetrics_skip_tracking":false,"_exactmetrics_sitenote_active":false,"_exactmetrics_sitenote_note":"","_exactmetrics_sitenote_category":0},"product_brand":[],"product_cat":[42],"product_tag":[51,47,45],"class_list":{"0":"post-2496","1":"product","2":"type-product","3":"status-publish","4":"has-post-thumbnail","6":"product_cat-hangande-textil","7":"product_tag-bred-textil","8":"product_tag-enfargat","9":"product_tag-flamsaker","10":"pa_material-polyester-trevira-cs","11":"pa_tygbredd-300-cm","13":"first","14":"instock","15":"shipping-taxable","16":"product-type-simple"},"acf":[],"aioseo_notices":[],"_links":{"self":[{"href":"https:\/\/kinnamark.se\/en\/wp-json\/wp\/v2\/product\/2496","targetHints":{"allow":["GET"]}}],"collection":[{"href":"https:\/\/kinnamark.se\/en\/wp-json\/wp\/v2\/product"}],"about":[{"href":"https:\/\/kinnamark.se\/en\/wp-json\/wp\/v2\/types\/product"}],"version-history":[{"count":12,"href":"https:\/\/kinnamark.se\/en\/wp-json\/wp\/v2\/product\/2496\/revisions"}],"predecessor-version":[{"id":5105,"href":"https:\/\/kinnamark.se\/en\/wp-json\/wp\/v2\/product\/2496\/revisions\/5105"}],"wp:featuredmedia":[{"embeddable":true,"href":"https:\/\/kinnamark.se\/en\/wp-json\/wp\/v2\/media\/5106"}],"wp:attachment":[{"href":"https:\/\/kinnamark.se\/en\/wp-json\/wp\/v2\/media?parent=2496"}],"wp:term":[{"taxonomy":"product_brand","embeddable":true,"href":"https:\/\/kinnamark.se\/en\/wp-json\/wp\/v2\/product_brand?post=2496"},{"taxonomy":"product_cat","embeddable":true,"href":"https:\/\/kinnamark.se\/en\/wp-json\/wp\/v2\/product_cat?post=2496"},{"taxonomy":"product_tag","embeddable":true,"href":"https:\/\/kinnamark.se\/en\/wp-json\/wp\/v2\/product_tag?post=2496"}],"curies":[{"name":"wp","href":"https:\/\/api.w.org\/{rel}","templated":true}]}}