{"id":2508,"date":"2020-03-19T21:24:14","date_gmt":"2020-03-19T20:24:14","guid":{"rendered":"http:\/\/test.kinnamark.se\/?post_type=product&#038;p=2508"},"modified":"2024-03-08T15:23:08","modified_gmt":"2024-03-08T14:23:08","slug":"aluair-fr","status":"publish","type":"product","link":"https:\/\/kinnamark.se\/en\/kollektion\/aluair-fr\/","title":{"rendered":"ALUAIR &#8211; FR"},"content":{"rendered":"","protected":false},"excerpt":{"rendered":"<p>Aluair \u00e4r v\u00e5r solskydds gardin som p\u00e5 ett utm\u00e4rkt s\u00e4tt kombinerar design med funktion.<br \/>\nTyget har en tunn aluminium bel\u00e4ggning p\u00e5 baksidan, vilket effektivt reducerar inkommande ljus och v\u00e4rme. Med sin transparens skapas ett elegant, luftigt uttryck. Tyget \u00e4r 290 cm brett, vilket g\u00f6r det utm\u00e4rkt f\u00f6r att t\u00e4cka st\u00f6rre f\u00f6nsterpartier. F\u00e4rgskalan g\u00e5r i jordn\u00e4ra naturliga f\u00e4rgtoner.<\/p>","protected":false},"featured_media":5391,"template":"","meta":{"_acf_changed":false,"_angie_page":false,"_exactmetrics_skip_tracking":false,"_exactmetrics_sitenote_active":false,"_exactmetrics_sitenote_note":"","_exactmetrics_sitenote_category":0},"product_brand":[],"product_cat":[42],"product_tag":[51,47,45,49],"class_list":{"0":"post-2508","1":"product","2":"type-product","3":"status-publish","4":"has-post-thumbnail","6":"product_cat-hangande-textil","7":"product_tag-bred-textil","8":"product_tag-enfargat","9":"product_tag-flamsaker","10":"product_tag-solskydd","11":"pa_material-polyester-fr","12":"pa_tygbredd-285-cm","14":"first","15":"instock","16":"shipping-taxable","17":"product-type-simple"},"acf":[],"aioseo_notices":[],"_links":{"self":[{"href":"https:\/\/kinnamark.se\/en\/wp-json\/wp\/v2\/product\/2508","targetHints":{"allow":["GET"]}}],"collection":[{"href":"https:\/\/kinnamark.se\/en\/wp-json\/wp\/v2\/product"}],"about":[{"href":"https:\/\/kinnamark.se\/en\/wp-json\/wp\/v2\/types\/product"}],"version-history":[{"count":10,"href":"https:\/\/kinnamark.se\/en\/wp-json\/wp\/v2\/product\/2508\/revisions"}],"predecessor-version":[{"id":5389,"href":"https:\/\/kinnamark.se\/en\/wp-json\/wp\/v2\/product\/2508\/revisions\/5389"}],"wp:featuredmedia":[{"embeddable":true,"href":"https:\/\/kinnamark.se\/en\/wp-json\/wp\/v2\/media\/5391"}],"wp:attachment":[{"href":"https:\/\/kinnamark.se\/en\/wp-json\/wp\/v2\/media?parent=2508"}],"wp:term":[{"taxonomy":"product_brand","embeddable":true,"href":"https:\/\/kinnamark.se\/en\/wp-json\/wp\/v2\/product_brand?post=2508"},{"taxonomy":"product_cat","embeddable":true,"href":"https:\/\/kinnamark.se\/en\/wp-json\/wp\/v2\/product_cat?post=2508"},{"taxonomy":"product_tag","embeddable":true,"href":"https:\/\/kinnamark.se\/en\/wp-json\/wp\/v2\/product_tag?post=2508"}],"curies":[{"name":"wp","href":"https:\/\/api.w.org\/{rel}","templated":true}]}}