{"id":2515,"date":"2020-03-19T21:28:58","date_gmt":"2020-03-19T20:28:58","guid":{"rendered":"http:\/\/test.kinnamark.se\/?post_type=product&#038;p=2515"},"modified":"2024-02-14T16:04:18","modified_gmt":"2024-02-14T15:04:18","slug":"aludim-fr","status":"publish","type":"product","link":"https:\/\/kinnamark.se\/en\/kollektion\/aludim-fr\/","title":{"rendered":"ALUDIM &#8211; FR"},"content":{"rendered":"","protected":false},"excerpt":{"rendered":"<p>Aludim \u00e4r v\u00e5r solskydds gardin som p\u00e5 ett utm\u00e4rkt s\u00e4tt kombinerar design med funktion.<br \/>\nTyget har en tunn aluminium bel\u00e4ggning p\u00e5 baksidan, vilket kraftigt reducerar inkommande ljus och v\u00e4rme. Vid besv\u00e4r av instr\u00e5lande ljus och v\u00e4rme \u00e4r detta den mest rekommenderade l\u00f6sningen.<br \/>\nTyget har en h\u00f6g t\u00e4thet, men den visuella kontakten med utsidan bibeh\u00e5lls. Tyget \u00e4r 290 cm brett vilket g\u00f6r det utm\u00e4rkt f\u00f6r att t\u00e4cka st\u00f6rre f\u00f6nsterpartier. F\u00e4rgskalan g\u00e5r i jordn\u00e4ra naturliga f\u00e4rgtoner.<\/p>","protected":false},"featured_media":2559,"template":"","meta":{"_acf_changed":false,"_angie_page":false,"_exactmetrics_skip_tracking":false,"_exactmetrics_sitenote_active":false,"_exactmetrics_sitenote_note":"","_exactmetrics_sitenote_category":0},"product_brand":[],"product_cat":[42],"product_tag":[46,51,47,45,49],"class_list":{"0":"post-2515","1":"product","2":"type-product","3":"status-publish","4":"has-post-thumbnail","6":"product_cat-hangande-textil","7":"product_tag-akustik","8":"product_tag-bred-textil","9":"product_tag-enfargat","10":"product_tag-flamsaker","11":"product_tag-solskydd","12":"pa_material-polyester-fr","13":"pa_tygbredd-285-cm","15":"first","16":"instock","17":"shipping-taxable","18":"product-type-simple"},"acf":[],"aioseo_notices":[],"_links":{"self":[{"href":"https:\/\/kinnamark.se\/en\/wp-json\/wp\/v2\/product\/2515","targetHints":{"allow":["GET"]}}],"collection":[{"href":"https:\/\/kinnamark.se\/en\/wp-json\/wp\/v2\/product"}],"about":[{"href":"https:\/\/kinnamark.se\/en\/wp-json\/wp\/v2\/types\/product"}],"version-history":[{"count":9,"href":"https:\/\/kinnamark.se\/en\/wp-json\/wp\/v2\/product\/2515\/revisions"}],"predecessor-version":[{"id":5320,"href":"https:\/\/kinnamark.se\/en\/wp-json\/wp\/v2\/product\/2515\/revisions\/5320"}],"wp:featuredmedia":[{"embeddable":true,"href":"https:\/\/kinnamark.se\/en\/wp-json\/wp\/v2\/media\/2559"}],"wp:attachment":[{"href":"https:\/\/kinnamark.se\/en\/wp-json\/wp\/v2\/media?parent=2515"}],"wp:term":[{"taxonomy":"product_brand","embeddable":true,"href":"https:\/\/kinnamark.se\/en\/wp-json\/wp\/v2\/product_brand?post=2515"},{"taxonomy":"product_cat","embeddable":true,"href":"https:\/\/kinnamark.se\/en\/wp-json\/wp\/v2\/product_cat?post=2515"},{"taxonomy":"product_tag","embeddable":true,"href":"https:\/\/kinnamark.se\/en\/wp-json\/wp\/v2\/product_tag?post=2515"}],"curies":[{"name":"wp","href":"https:\/\/api.w.org\/{rel}","templated":true}]}}