{"id":2524,"date":"2020-03-19T21:35:58","date_gmt":"2020-03-19T20:35:58","guid":{"rendered":"http:\/\/test.kinnamark.se\/?post_type=product&#038;p=2524"},"modified":"2021-01-14T18:49:07","modified_gmt":"2021-01-14T17:49:07","slug":"forrest-dimout-fr","status":"publish","type":"product","link":"https:\/\/kinnamark.se\/en\/kollektion\/forrest-dimout-fr\/","title":{"rendered":"FORREST DIMOUT &#8211; FR"},"content":{"rendered":"","protected":false},"excerpt":{"rendered":"<p>Forrest Dimout \u00e4r ett av v\u00e5ra mest popul\u00e4ra m\u00f6rkl\u00e4ggningstyger. Flams\u00e4ker och 300 cm bred, dessutom god ljudklassning g\u00f6r den utm\u00e4rkt till gardiner och draperier. Tyget har en l\u00e4tt struktur med l\u00e4tt melerade f\u00e4rgtoner som ger ett fint djup. en stor och bred f\u00e4rgskala, med m\u00e5nga nyanser i beige, och gr\u00e5tt, samt accentf\u00e4rger.<\/p>","protected":false},"featured_media":2552,"template":"","meta":{"_acf_changed":false,"_angie_page":false,"_exactmetrics_skip_tracking":false,"_exactmetrics_sitenote_active":false,"_exactmetrics_sitenote_note":"","_exactmetrics_sitenote_category":0},"product_brand":[],"product_cat":[42],"product_tag":[46,51,47,45,50],"class_list":{"0":"post-2524","1":"product","2":"type-product","3":"status-publish","4":"has-post-thumbnail","6":"product_cat-hangande-textil","7":"product_tag-akustik","8":"product_tag-bred-textil","9":"product_tag-enfargat","10":"product_tag-flamsaker","11":"product_tag-morklaggande","12":"pa_material-polyester-fr","13":"pa_tygbredd-300-cm","15":"first","16":"instock","17":"shipping-taxable","18":"product-type-simple"},"acf":[],"aioseo_notices":[],"_links":{"self":[{"href":"https:\/\/kinnamark.se\/en\/wp-json\/wp\/v2\/product\/2524","targetHints":{"allow":["GET"]}}],"collection":[{"href":"https:\/\/kinnamark.se\/en\/wp-json\/wp\/v2\/product"}],"about":[{"href":"https:\/\/kinnamark.se\/en\/wp-json\/wp\/v2\/types\/product"}],"version-history":[{"count":10,"href":"https:\/\/kinnamark.se\/en\/wp-json\/wp\/v2\/product\/2524\/revisions"}],"predecessor-version":[{"id":4596,"href":"https:\/\/kinnamark.se\/en\/wp-json\/wp\/v2\/product\/2524\/revisions\/4596"}],"wp:featuredmedia":[{"embeddable":true,"href":"https:\/\/kinnamark.se\/en\/wp-json\/wp\/v2\/media\/2552"}],"wp:attachment":[{"href":"https:\/\/kinnamark.se\/en\/wp-json\/wp\/v2\/media?parent=2524"}],"wp:term":[{"taxonomy":"product_brand","embeddable":true,"href":"https:\/\/kinnamark.se\/en\/wp-json\/wp\/v2\/product_brand?post=2524"},{"taxonomy":"product_cat","embeddable":true,"href":"https:\/\/kinnamark.se\/en\/wp-json\/wp\/v2\/product_cat?post=2524"},{"taxonomy":"product_tag","embeddable":true,"href":"https:\/\/kinnamark.se\/en\/wp-json\/wp\/v2\/product_tag?post=2524"}],"curies":[{"name":"wp","href":"https:\/\/api.w.org\/{rel}","templated":true}]}}