{"id":2532,"date":"2020-03-19T21:46:10","date_gmt":"2020-03-19T20:46:10","guid":{"rendered":"http:\/\/test.kinnamark.se\/?post_type=product&#038;p=2532"},"modified":"2020-04-17T09:46:56","modified_gmt":"2020-04-17T07:46:56","slug":"blak-out-140-fr","status":"publish","type":"product","link":"https:\/\/kinnamark.se\/en\/kollektion\/blak-out-140-fr\/","title":{"rendered":"BLACK OUT 140 &#8211; FR"},"content":{"rendered":"","protected":false},"excerpt":{"rendered":"<p>Black Out \u00e4r ett tyg som m\u00f6rkl\u00e4gger till 100%. Tyget \u00e4r tillverkat i en tunn kvalitet med en akrylbestrykning p\u00e5 baksidan. Ytan \u00e4r sl\u00e4t med en viss glans, vilket ger ett fint uttryck.<br \/>\nBlack Out\u00a0 \u00e4r mjuk och har ett fint fall och passar utm\u00e4rkt b\u00e5de som dekorativ gardin, men \u00e4ven foder.<\/p>","protected":false},"featured_media":2549,"template":"","meta":{"_acf_changed":false,"_angie_page":false,"_exactmetrics_skip_tracking":false,"_exactmetrics_sitenote_active":false,"_exactmetrics_sitenote_note":"","_exactmetrics_sitenote_category":0},"product_brand":[],"product_cat":[42],"product_tag":[46,47,45,50],"class_list":{"0":"post-2532","1":"product","2":"type-product","3":"status-publish","4":"has-post-thumbnail","6":"product_cat-hangande-textil","7":"product_tag-akustik","8":"product_tag-enfargat","9":"product_tag-flamsaker","10":"product_tag-morklaggande","11":"pa_material-polyester-fr","12":"pa_tygbredd-140-cm","14":"first","15":"instock","16":"shipping-taxable","17":"product-type-simple"},"acf":[],"aioseo_notices":[],"_links":{"self":[{"href":"https:\/\/kinnamark.se\/en\/wp-json\/wp\/v2\/product\/2532","targetHints":{"allow":["GET"]}}],"collection":[{"href":"https:\/\/kinnamark.se\/en\/wp-json\/wp\/v2\/product"}],"about":[{"href":"https:\/\/kinnamark.se\/en\/wp-json\/wp\/v2\/types\/product"}],"version-history":[{"count":6,"href":"https:\/\/kinnamark.se\/en\/wp-json\/wp\/v2\/product\/2532\/revisions"}],"predecessor-version":[{"id":3979,"href":"https:\/\/kinnamark.se\/en\/wp-json\/wp\/v2\/product\/2532\/revisions\/3979"}],"wp:featuredmedia":[{"embeddable":true,"href":"https:\/\/kinnamark.se\/en\/wp-json\/wp\/v2\/media\/2549"}],"wp:attachment":[{"href":"https:\/\/kinnamark.se\/en\/wp-json\/wp\/v2\/media?parent=2532"}],"wp:term":[{"taxonomy":"product_brand","embeddable":true,"href":"https:\/\/kinnamark.se\/en\/wp-json\/wp\/v2\/product_brand?post=2532"},{"taxonomy":"product_cat","embeddable":true,"href":"https:\/\/kinnamark.se\/en\/wp-json\/wp\/v2\/product_cat?post=2532"},{"taxonomy":"product_tag","embeddable":true,"href":"https:\/\/kinnamark.se\/en\/wp-json\/wp\/v2\/product_tag?post=2532"}],"curies":[{"name":"wp","href":"https:\/\/api.w.org\/{rel}","templated":true}]}}