{"id":2534,"date":"2020-03-19T21:49:08","date_gmt":"2020-03-19T20:49:08","guid":{"rendered":"http:\/\/test.kinnamark.se\/?post_type=product&#038;p=2534"},"modified":"2020-04-17T09:46:56","modified_gmt":"2020-04-17T07:46:56","slug":"blak-out-280-fr","status":"publish","type":"product","link":"https:\/\/kinnamark.se\/en\/kollektion\/blak-out-280-fr\/","title":{"rendered":"BLACK OUT 280 &#8211; FR"},"content":{"rendered":"","protected":false},"excerpt":{"rendered":"<p>Black Out \u00e4r ett tyg som m\u00f6rkl\u00e4gger till 100%. Tyget \u00e4r 280 cm brett och tillverkat i en tunn kvalitet med en akrylbestrykning p\u00e5 baksidan. Ytan \u00e4r sl\u00e4t med en viss glans, vilket ger ett fint uttryck.<br \/>\nBlack Out har ett fint fall och passar utm\u00e4rkt b\u00e5de som dekorativ gardin, men \u00e4ven foder.<\/p>","protected":false},"featured_media":2548,"template":"","meta":{"_acf_changed":false,"_angie_page":false,"_exactmetrics_skip_tracking":false,"_exactmetrics_sitenote_active":false,"_exactmetrics_sitenote_note":"","_exactmetrics_sitenote_category":0},"product_brand":[],"product_cat":[42],"product_tag":[46,51,47,45,50],"class_list":{"0":"post-2534","1":"product","2":"type-product","3":"status-publish","4":"has-post-thumbnail","6":"product_cat-hangande-textil","7":"product_tag-akustik","8":"product_tag-bred-textil","9":"product_tag-enfargat","10":"product_tag-flamsaker","11":"product_tag-morklaggande","12":"pa_material-polyester-fr","13":"pa_tygbredd-280-cm","15":"first","16":"instock","17":"shipping-taxable","18":"product-type-simple"},"acf":[],"aioseo_notices":[],"_links":{"self":[{"href":"https:\/\/kinnamark.se\/en\/wp-json\/wp\/v2\/product\/2534","targetHints":{"allow":["GET"]}}],"collection":[{"href":"https:\/\/kinnamark.se\/en\/wp-json\/wp\/v2\/product"}],"about":[{"href":"https:\/\/kinnamark.se\/en\/wp-json\/wp\/v2\/types\/product"}],"version-history":[{"count":8,"href":"https:\/\/kinnamark.se\/en\/wp-json\/wp\/v2\/product\/2534\/revisions"}],"predecessor-version":[{"id":3978,"href":"https:\/\/kinnamark.se\/en\/wp-json\/wp\/v2\/product\/2534\/revisions\/3978"}],"wp:featuredmedia":[{"embeddable":true,"href":"https:\/\/kinnamark.se\/en\/wp-json\/wp\/v2\/media\/2548"}],"wp:attachment":[{"href":"https:\/\/kinnamark.se\/en\/wp-json\/wp\/v2\/media?parent=2534"}],"wp:term":[{"taxonomy":"product_brand","embeddable":true,"href":"https:\/\/kinnamark.se\/en\/wp-json\/wp\/v2\/product_brand?post=2534"},{"taxonomy":"product_cat","embeddable":true,"href":"https:\/\/kinnamark.se\/en\/wp-json\/wp\/v2\/product_cat?post=2534"},{"taxonomy":"product_tag","embeddable":true,"href":"https:\/\/kinnamark.se\/en\/wp-json\/wp\/v2\/product_tag?post=2534"}],"curies":[{"name":"wp","href":"https:\/\/api.w.org\/{rel}","templated":true}]}}