{"id":2538,"date":"2020-03-19T21:52:19","date_gmt":"2020-03-19T20:52:19","guid":{"rendered":"http:\/\/test.kinnamark.se\/?post_type=product&#038;p=2538"},"modified":"2026-03-31T15:35:50","modified_gmt":"2026-03-31T13:35:50","slug":"como","status":"publish","type":"product","link":"https:\/\/kinnamark.se\/en\/kollektion\/como\/","title":{"rendered":"COMO"},"content":{"rendered":"","protected":false},"excerpt":{"rendered":"<p>Como \u00e4r ett m\u00e5ste f\u00f6r varje kollektion. Tyget \u00e4r v\u00e4vt med klunsgarn, vilket skapar en fin struktur och naturligt utseende. Como \u00e4r 300 cm brett med en tyngd och fint fall, vilket g\u00f6r det utm\u00e4rkt till breda wave l\u00e4ngder till f\u00f6nster och drapperier. Tyget har en god akustisk klassning som g\u00f6r det anv\u00e4ndbart i inredningar d\u00e4r akustik \u00e4r ett problem. F\u00e4rgskalan inneh\u00e5ller 52 f\u00e4rger, med m\u00e5nga jordn\u00e4ra toner.<\/p>","protected":false},"featured_media":716,"template":"","meta":{"_acf_changed":false,"_angie_page":false,"_exactmetrics_skip_tracking":false,"_exactmetrics_sitenote_active":false,"_exactmetrics_sitenote_note":"","_exactmetrics_sitenote_category":0},"product_brand":[],"product_cat":[42],"product_tag":[46,51,47],"class_list":{"0":"post-2538","1":"product","2":"type-product","3":"status-publish","4":"has-post-thumbnail","6":"product_cat-hangande-textil","7":"product_tag-akustik","8":"product_tag-bred-textil","9":"product_tag-enfargat","10":"pa_material-polyester","11":"pa_tygbredd-300-cm","13":"first","14":"instock","15":"shipping-taxable","16":"product-type-simple"},"acf":[],"aioseo_notices":[],"_links":{"self":[{"href":"https:\/\/kinnamark.se\/en\/wp-json\/wp\/v2\/product\/2538","targetHints":{"allow":["GET"]}}],"collection":[{"href":"https:\/\/kinnamark.se\/en\/wp-json\/wp\/v2\/product"}],"about":[{"href":"https:\/\/kinnamark.se\/en\/wp-json\/wp\/v2\/types\/product"}],"version-history":[{"count":5,"href":"https:\/\/kinnamark.se\/en\/wp-json\/wp\/v2\/product\/2538\/revisions"}],"predecessor-version":[{"id":3975,"href":"https:\/\/kinnamark.se\/en\/wp-json\/wp\/v2\/product\/2538\/revisions\/3975"}],"wp:featuredmedia":[{"embeddable":true,"href":"https:\/\/kinnamark.se\/en\/wp-json\/wp\/v2\/media\/716"}],"wp:attachment":[{"href":"https:\/\/kinnamark.se\/en\/wp-json\/wp\/v2\/media?parent=2538"}],"wp:term":[{"taxonomy":"product_brand","embeddable":true,"href":"https:\/\/kinnamark.se\/en\/wp-json\/wp\/v2\/product_brand?post=2538"},{"taxonomy":"product_cat","embeddable":true,"href":"https:\/\/kinnamark.se\/en\/wp-json\/wp\/v2\/product_cat?post=2538"},{"taxonomy":"product_tag","embeddable":true,"href":"https:\/\/kinnamark.se\/en\/wp-json\/wp\/v2\/product_tag?post=2538"}],"curies":[{"name":"wp","href":"https:\/\/api.w.org\/{rel}","templated":true}]}}