{"id":2543,"date":"2020-03-19T21:57:49","date_gmt":"2020-03-19T20:57:49","guid":{"rendered":"http:\/\/test.kinnamark.se\/?post_type=product&#038;p=2543"},"modified":"2024-02-14T16:03:09","modified_gmt":"2024-02-14T15:03:09","slug":"twill","status":"publish","type":"product","link":"https:\/\/kinnamark.se\/en\/kollektion\/twill\/","title":{"rendered":"TWILL"},"content":{"rendered":"","protected":false},"excerpt":{"rendered":"<p>Twill \u00e4r ett snyggt bastyg som \u00e4r mycket anv\u00e4ndbart. Tyget \u00e4r v\u00e4vt med en twill bindning, vilket skapar en fin, svagt grafisk struktur. Twill \u00e4r 290 cm brett med en tyngd och fint fall, vilket g\u00f6r det utm\u00e4rkt till breda wave l\u00e4ngder till f\u00f6nster och drapperier.<\/p>","protected":false},"featured_media":2546,"template":"","meta":{"_acf_changed":false,"_angie_page":false,"_exactmetrics_skip_tracking":false,"_exactmetrics_sitenote_active":false,"_exactmetrics_sitenote_note":"","_exactmetrics_sitenote_category":0},"product_brand":[],"product_cat":[42],"product_tag":[46,51,47],"class_list":{"0":"post-2543","1":"product","2":"type-product","3":"status-publish","4":"has-post-thumbnail","6":"product_cat-hangande-textil","7":"product_tag-akustik","8":"product_tag-bred-textil","9":"product_tag-enfargat","10":"pa_material-polyester","11":"pa_tygbredd-290-cm","13":"first","14":"instock","15":"shipping-taxable","16":"product-type-simple"},"acf":[],"aioseo_notices":[],"_links":{"self":[{"href":"https:\/\/kinnamark.se\/en\/wp-json\/wp\/v2\/product\/2543","targetHints":{"allow":["GET"]}}],"collection":[{"href":"https:\/\/kinnamark.se\/en\/wp-json\/wp\/v2\/product"}],"about":[{"href":"https:\/\/kinnamark.se\/en\/wp-json\/wp\/v2\/types\/product"}],"version-history":[{"count":7,"href":"https:\/\/kinnamark.se\/en\/wp-json\/wp\/v2\/product\/2543\/revisions"}],"predecessor-version":[{"id":5319,"href":"https:\/\/kinnamark.se\/en\/wp-json\/wp\/v2\/product\/2543\/revisions\/5319"}],"wp:featuredmedia":[{"embeddable":true,"href":"https:\/\/kinnamark.se\/en\/wp-json\/wp\/v2\/media\/2546"}],"wp:attachment":[{"href":"https:\/\/kinnamark.se\/en\/wp-json\/wp\/v2\/media?parent=2543"}],"wp:term":[{"taxonomy":"product_brand","embeddable":true,"href":"https:\/\/kinnamark.se\/en\/wp-json\/wp\/v2\/product_brand?post=2543"},{"taxonomy":"product_cat","embeddable":true,"href":"https:\/\/kinnamark.se\/en\/wp-json\/wp\/v2\/product_cat?post=2543"},{"taxonomy":"product_tag","embeddable":true,"href":"https:\/\/kinnamark.se\/en\/wp-json\/wp\/v2\/product_tag?post=2543"}],"curies":[{"name":"wp","href":"https:\/\/api.w.org\/{rel}","templated":true}]}}