{"id":3337,"date":"2020-03-22T18:36:19","date_gmt":"2020-03-22T17:36:19","guid":{"rendered":"http:\/\/test.kinnamark.se\/?post_type=product&#038;p=3337"},"modified":"2021-01-14T18:45:14","modified_gmt":"2021-01-14T17:45:14","slug":"cosmos-fr","status":"publish","type":"product","link":"https:\/\/kinnamark.se\/en\/kollektion\/cosmos-fr\/","title":{"rendered":"COSMOS &#8211; FR"},"content":{"rendered":"","protected":false},"excerpt":{"rendered":"<p>Cosmos \u00e4r ett grafiskt m\u00f6nster med inspiration fr\u00e5n mossa. M\u00f6nstret \u00e4r tryckt strukturerat tyg som efterliknar bomull. Cosmos finns i 5 f\u00e4rgst\u00e4llningar, vilket g\u00f6r det enkelt att finna sin favoritf\u00e4rg.<br \/>\nVarje f\u00e4rgst\u00e4llning inneh\u00e5ller 3 tryckf\u00e4rger som f\u00e4rgm\u00e4ssigt ligger n\u00e4ra varandra.<\/p>","protected":false},"featured_media":235,"template":"","meta":{"_acf_changed":false,"_angie_page":false,"_exactmetrics_skip_tracking":false,"_exactmetrics_sitenote_active":false,"_exactmetrics_sitenote_note":"","_exactmetrics_sitenote_category":0},"product_brand":[],"product_cat":[42],"product_tag":[46,45,48],"class_list":{"0":"post-3337","1":"product","2":"type-product","3":"status-publish","4":"has-post-thumbnail","6":"product_cat-hangande-textil","7":"product_tag-akustik","8":"product_tag-flamsaker","9":"product_tag-monster","10":"pa_material-polyester-fr","11":"pa_tygbredd-140-cm","13":"first","14":"instock","15":"shipping-taxable","16":"product-type-simple"},"acf":[],"aioseo_notices":[],"_links":{"self":[{"href":"https:\/\/kinnamark.se\/en\/wp-json\/wp\/v2\/product\/3337","targetHints":{"allow":["GET"]}}],"collection":[{"href":"https:\/\/kinnamark.se\/en\/wp-json\/wp\/v2\/product"}],"about":[{"href":"https:\/\/kinnamark.se\/en\/wp-json\/wp\/v2\/types\/product"}],"version-history":[{"count":6,"href":"https:\/\/kinnamark.se\/en\/wp-json\/wp\/v2\/product\/3337\/revisions"}],"predecessor-version":[{"id":4594,"href":"https:\/\/kinnamark.se\/en\/wp-json\/wp\/v2\/product\/3337\/revisions\/4594"}],"wp:featuredmedia":[{"embeddable":true,"href":"https:\/\/kinnamark.se\/en\/wp-json\/wp\/v2\/media\/235"}],"wp:attachment":[{"href":"https:\/\/kinnamark.se\/en\/wp-json\/wp\/v2\/media?parent=3337"}],"wp:term":[{"taxonomy":"product_brand","embeddable":true,"href":"https:\/\/kinnamark.se\/en\/wp-json\/wp\/v2\/product_brand?post=3337"},{"taxonomy":"product_cat","embeddable":true,"href":"https:\/\/kinnamark.se\/en\/wp-json\/wp\/v2\/product_cat?post=3337"},{"taxonomy":"product_tag","embeddable":true,"href":"https:\/\/kinnamark.se\/en\/wp-json\/wp\/v2\/product_tag?post=3337"}],"curies":[{"name":"wp","href":"https:\/\/api.w.org\/{rel}","templated":true}]}}