{"id":3360,"date":"2020-03-23T13:09:23","date_gmt":"2020-03-23T12:09:23","guid":{"rendered":"http:\/\/test.kinnamark.se\/?post_type=product&#038;p=3360"},"modified":"2021-01-14T18:57:23","modified_gmt":"2021-01-14T17:57:23","slug":"tahiti-fr","status":"publish","type":"product","link":"https:\/\/kinnamark.se\/en\/kollektion\/tahiti-fr\/","title":{"rendered":"TAHITI &#8211; FR"},"content":{"rendered":"","protected":false},"excerpt":{"rendered":"<p>Tahiti \u00e4r ett klassiskt m\u00f6nster som andas mycket tradition. M\u00f6nstret \u00e4r ritat av Betty Svensson, en av f\u00e5 designers som fortfarande tecknar f\u00f6r hand. M\u00f6nstret \u00e4r tryckt p\u00e5 en sl\u00e4t, flams\u00e4ker kvalitet med fint fall.<\/p>","protected":false},"featured_media":3361,"template":"","meta":{"_acf_changed":false,"_angie_page":false,"_exactmetrics_skip_tracking":false,"_exactmetrics_sitenote_active":false,"_exactmetrics_sitenote_note":"","_exactmetrics_sitenote_category":0},"product_brand":[],"product_cat":[42],"product_tag":[46,45,48],"class_list":{"0":"post-3360","1":"product","2":"type-product","3":"status-publish","4":"has-post-thumbnail","6":"product_cat-hangande-textil","7":"product_tag-akustik","8":"product_tag-flamsaker","9":"product_tag-monster","10":"pa_material-polyester-fr","11":"pa_tygbredd-140-cm","13":"first","14":"instock","15":"shipping-taxable","16":"product-type-simple"},"acf":[],"aioseo_notices":[],"_links":{"self":[{"href":"https:\/\/kinnamark.se\/en\/wp-json\/wp\/v2\/product\/3360","targetHints":{"allow":["GET"]}}],"collection":[{"href":"https:\/\/kinnamark.se\/en\/wp-json\/wp\/v2\/product"}],"about":[{"href":"https:\/\/kinnamark.se\/en\/wp-json\/wp\/v2\/types\/product"}],"version-history":[{"count":5,"href":"https:\/\/kinnamark.se\/en\/wp-json\/wp\/v2\/product\/3360\/revisions"}],"predecessor-version":[{"id":4602,"href":"https:\/\/kinnamark.se\/en\/wp-json\/wp\/v2\/product\/3360\/revisions\/4602"}],"wp:featuredmedia":[{"embeddable":true,"href":"https:\/\/kinnamark.se\/en\/wp-json\/wp\/v2\/media\/3361"}],"wp:attachment":[{"href":"https:\/\/kinnamark.se\/en\/wp-json\/wp\/v2\/media?parent=3360"}],"wp:term":[{"taxonomy":"product_brand","embeddable":true,"href":"https:\/\/kinnamark.se\/en\/wp-json\/wp\/v2\/product_brand?post=3360"},{"taxonomy":"product_cat","embeddable":true,"href":"https:\/\/kinnamark.se\/en\/wp-json\/wp\/v2\/product_cat?post=3360"},{"taxonomy":"product_tag","embeddable":true,"href":"https:\/\/kinnamark.se\/en\/wp-json\/wp\/v2\/product_tag?post=3360"}],"curies":[{"name":"wp","href":"https:\/\/api.w.org\/{rel}","templated":true}]}}