{"id":3367,"date":"2020-03-23T13:33:17","date_gmt":"2020-03-23T12:33:17","guid":{"rendered":"http:\/\/test.kinnamark.se\/?post_type=product&#038;p=3367"},"modified":"2020-04-17T09:46:57","modified_gmt":"2020-04-17T07:46:57","slug":"salto-fr","status":"publish","type":"product","link":"https:\/\/kinnamark.se\/en\/kollektion\/salto-fr\/","title":{"rendered":"SALT\u00d6 &#8211; FR"},"content":{"rendered":"","protected":false},"excerpt":{"rendered":"<p>Salt\u00f6 \u00e4r ett stillsamt, vackert tecknat m\u00f6nster. M\u00f6nstret \u00e4r tryckt p\u00e5 ett flams\u00e4kert, transparent tyg som ger ett luftigt uttryck. F\u00e4rgerna \u00e4r \u00e5terh\u00e5llsamma och g\u00e5r i grafiska toner.<\/p>","protected":false},"featured_media":3369,"template":"","meta":{"_acf_changed":false,"_angie_page":false,"_exactmetrics_skip_tracking":false,"_exactmetrics_sitenote_active":false,"_exactmetrics_sitenote_note":"","_exactmetrics_sitenote_category":0},"product_brand":[],"product_cat":[42],"product_tag":[45,48],"class_list":{"0":"post-3367","1":"product","2":"type-product","3":"status-publish","4":"has-post-thumbnail","6":"product_cat-hangande-textil","7":"product_tag-flamsaker","8":"product_tag-monster","9":"pa_material-polyester-fr","10":"pa_tygbredd-140-cm","12":"first","13":"instock","14":"shipping-taxable","15":"product-type-simple"},"acf":[],"aioseo_notices":[],"_links":{"self":[{"href":"https:\/\/kinnamark.se\/en\/wp-json\/wp\/v2\/product\/3367","targetHints":{"allow":["GET"]}}],"collection":[{"href":"https:\/\/kinnamark.se\/en\/wp-json\/wp\/v2\/product"}],"about":[{"href":"https:\/\/kinnamark.se\/en\/wp-json\/wp\/v2\/types\/product"}],"version-history":[{"count":6,"href":"https:\/\/kinnamark.se\/en\/wp-json\/wp\/v2\/product\/3367\/revisions"}],"predecessor-version":[{"id":4250,"href":"https:\/\/kinnamark.se\/en\/wp-json\/wp\/v2\/product\/3367\/revisions\/4250"}],"wp:featuredmedia":[{"embeddable":true,"href":"https:\/\/kinnamark.se\/en\/wp-json\/wp\/v2\/media\/3369"}],"wp:attachment":[{"href":"https:\/\/kinnamark.se\/en\/wp-json\/wp\/v2\/media?parent=3367"}],"wp:term":[{"taxonomy":"product_brand","embeddable":true,"href":"https:\/\/kinnamark.se\/en\/wp-json\/wp\/v2\/product_brand?post=3367"},{"taxonomy":"product_cat","embeddable":true,"href":"https:\/\/kinnamark.se\/en\/wp-json\/wp\/v2\/product_cat?post=3367"},{"taxonomy":"product_tag","embeddable":true,"href":"https:\/\/kinnamark.se\/en\/wp-json\/wp\/v2\/product_tag?post=3367"}],"curies":[{"name":"wp","href":"https:\/\/api.w.org\/{rel}","templated":true}]}}