{"id":3394,"date":"2020-03-23T14:22:41","date_gmt":"2020-03-23T13:22:41","guid":{"rendered":"http:\/\/test.kinnamark.se\/?post_type=product&#038;p=3394"},"modified":"2020-04-17T09:46:58","modified_gmt":"2020-04-17T07:46:58","slug":"linero","status":"publish","type":"product","link":"https:\/\/kinnamark.se\/en\/kollektion\/linero\/","title":{"rendered":"LINERO"},"content":{"rendered":"","protected":false},"excerpt":{"rendered":"<p>Linero har en skir, fin struktur med ett utseende som lin. Tygets bredd \u00e4r 300 cm, vilket g\u00f6r att det passar bra till stora f\u00f6nsterpartier, d\u00e4r ljuset silas lagom genom gardinen.<\/p>","protected":false},"featured_media":3395,"template":"","meta":{"_acf_changed":false,"_angie_page":false,"_exactmetrics_skip_tracking":false,"_exactmetrics_sitenote_active":false,"_exactmetrics_sitenote_note":"","_exactmetrics_sitenote_category":0},"product_brand":[],"product_cat":[42],"product_tag":[51,47],"class_list":{"0":"post-3394","1":"product","2":"type-product","3":"status-publish","4":"has-post-thumbnail","6":"product_cat-hangande-textil","7":"product_tag-bred-textil","8":"product_tag-enfargat","9":"pa_material-lin","10":"pa_material-polyester","11":"pa_tygbredd-300-cm","13":"first","14":"instock","15":"shipping-taxable","16":"product-type-simple"},"acf":[],"aioseo_notices":[],"_links":{"self":[{"href":"https:\/\/kinnamark.se\/en\/wp-json\/wp\/v2\/product\/3394","targetHints":{"allow":["GET"]}}],"collection":[{"href":"https:\/\/kinnamark.se\/en\/wp-json\/wp\/v2\/product"}],"about":[{"href":"https:\/\/kinnamark.se\/en\/wp-json\/wp\/v2\/types\/product"}],"version-history":[{"count":5,"href":"https:\/\/kinnamark.se\/en\/wp-json\/wp\/v2\/product\/3394\/revisions"}],"predecessor-version":[{"id":4254,"href":"https:\/\/kinnamark.se\/en\/wp-json\/wp\/v2\/product\/3394\/revisions\/4254"}],"wp:featuredmedia":[{"embeddable":true,"href":"https:\/\/kinnamark.se\/en\/wp-json\/wp\/v2\/media\/3395"}],"wp:attachment":[{"href":"https:\/\/kinnamark.se\/en\/wp-json\/wp\/v2\/media?parent=3394"}],"wp:term":[{"taxonomy":"product_brand","embeddable":true,"href":"https:\/\/kinnamark.se\/en\/wp-json\/wp\/v2\/product_brand?post=3394"},{"taxonomy":"product_cat","embeddable":true,"href":"https:\/\/kinnamark.se\/en\/wp-json\/wp\/v2\/product_cat?post=3394"},{"taxonomy":"product_tag","embeddable":true,"href":"https:\/\/kinnamark.se\/en\/wp-json\/wp\/v2\/product_tag?post=3394"}],"curies":[{"name":"wp","href":"https:\/\/api.w.org\/{rel}","templated":true}]}}