{"id":3410,"date":"2020-03-23T15:14:13","date_gmt":"2020-03-23T14:14:13","guid":{"rendered":"http:\/\/test.kinnamark.se\/?post_type=product&#038;p=3410"},"modified":"2024-03-12T14:52:16","modified_gmt":"2024-03-12T13:52:16","slug":"tonga-fr","status":"publish","type":"product","link":"https:\/\/kinnamark.se\/en\/kollektion\/tonga-fr\/","title":{"rendered":"TONGA &#8211; FR"},"content":{"rendered":"","protected":false},"excerpt":{"rendered":"<p>Tonga \u00e4r ett klassiskt m\u00f6nster som andas mycket tradition. M\u00f6nstret \u00e4r ritat av Betty Svensson, en av f\u00e5 designers som fortfarande tecknar f\u00f6r hand. Tonga \u00e4r tryckt p\u00e5 en transparent kvalitet med lite linnestrujtur som ger ett fint ljusgenomsl\u00e4pp.<\/p>","protected":false},"featured_media":3412,"template":"","meta":{"_acf_changed":false,"_angie_page":false,"_exactmetrics_skip_tracking":false,"_exactmetrics_sitenote_active":false,"_exactmetrics_sitenote_note":"","_exactmetrics_sitenote_category":0},"product_brand":[],"product_cat":[42],"product_tag":[45,48],"class_list":{"0":"post-3410","1":"product","2":"type-product","3":"status-publish","4":"has-post-thumbnail","6":"product_cat-hangande-textil","7":"product_tag-flamsaker","8":"product_tag-monster","9":"pa_material-polyester-fr","10":"pa_tygbredd-140-cm","12":"first","13":"instock","14":"shipping-taxable","15":"product-type-simple"},"acf":[],"aioseo_notices":[],"_links":{"self":[{"href":"https:\/\/kinnamark.se\/en\/wp-json\/wp\/v2\/product\/3410","targetHints":{"allow":["GET"]}}],"collection":[{"href":"https:\/\/kinnamark.se\/en\/wp-json\/wp\/v2\/product"}],"about":[{"href":"https:\/\/kinnamark.se\/en\/wp-json\/wp\/v2\/types\/product"}],"version-history":[{"count":6,"href":"https:\/\/kinnamark.se\/en\/wp-json\/wp\/v2\/product\/3410\/revisions"}],"predecessor-version":[{"id":5555,"href":"https:\/\/kinnamark.se\/en\/wp-json\/wp\/v2\/product\/3410\/revisions\/5555"}],"wp:featuredmedia":[{"embeddable":true,"href":"https:\/\/kinnamark.se\/en\/wp-json\/wp\/v2\/media\/3412"}],"wp:attachment":[{"href":"https:\/\/kinnamark.se\/en\/wp-json\/wp\/v2\/media?parent=3410"}],"wp:term":[{"taxonomy":"product_brand","embeddable":true,"href":"https:\/\/kinnamark.se\/en\/wp-json\/wp\/v2\/product_brand?post=3410"},{"taxonomy":"product_cat","embeddable":true,"href":"https:\/\/kinnamark.se\/en\/wp-json\/wp\/v2\/product_cat?post=3410"},{"taxonomy":"product_tag","embeddable":true,"href":"https:\/\/kinnamark.se\/en\/wp-json\/wp\/v2\/product_tag?post=3410"}],"curies":[{"name":"wp","href":"https:\/\/api.w.org\/{rel}","templated":true}]}}