{"id":3481,"date":"2020-03-23T23:46:31","date_gmt":"2020-03-23T22:46:31","guid":{"rendered":"http:\/\/test.kinnamark.se\/?post_type=product&#038;p=3481"},"modified":"2021-02-04T23:27:56","modified_gmt":"2021-02-04T22:27:56","slug":"capri","status":"publish","type":"product","link":"https:\/\/kinnamark.se\/en\/kollektion\/capri\/","title":{"rendered":"CAPRI"},"content":{"rendered":"","protected":false},"excerpt":{"rendered":"<p>Capri \u00e4r ett tidl\u00f6st m\u00f6nster med inspiration fr\u00e5n medelhavet. F\u00e4rgskalan \u00e4r klassisk med fina f\u00e4rgkombinationer. M\u00f6nstret \u00e4r tryckt p\u00e5 en kraftig bomullskvalitet som passar till b\u00e5de gardin och kuddfodral mm<\/p>","protected":false},"featured_media":3181,"template":"","meta":{"_acf_changed":false,"_angie_page":false,"_exactmetrics_skip_tracking":false,"_exactmetrics_sitenote_active":false,"_exactmetrics_sitenote_note":"","_exactmetrics_sitenote_category":0},"product_brand":[],"product_cat":[42],"product_tag":[48],"class_list":{"0":"post-3481","1":"product","2":"type-product","3":"status-publish","4":"has-post-thumbnail","6":"product_cat-hangande-textil","7":"product_tag-monster","8":"pa_material-bomull","9":"pa_tygbredd-140-cm","11":"first","12":"instock","13":"shipping-taxable","14":"product-type-simple"},"acf":[],"aioseo_notices":[],"_links":{"self":[{"href":"https:\/\/kinnamark.se\/en\/wp-json\/wp\/v2\/product\/3481","targetHints":{"allow":["GET"]}}],"collection":[{"href":"https:\/\/kinnamark.se\/en\/wp-json\/wp\/v2\/product"}],"about":[{"href":"https:\/\/kinnamark.se\/en\/wp-json\/wp\/v2\/types\/product"}],"version-history":[{"count":5,"href":"https:\/\/kinnamark.se\/en\/wp-json\/wp\/v2\/product\/3481\/revisions"}],"predecessor-version":[{"id":3863,"href":"https:\/\/kinnamark.se\/en\/wp-json\/wp\/v2\/product\/3481\/revisions\/3863"}],"wp:featuredmedia":[{"embeddable":true,"href":"https:\/\/kinnamark.se\/en\/wp-json\/wp\/v2\/media\/3181"}],"wp:attachment":[{"href":"https:\/\/kinnamark.se\/en\/wp-json\/wp\/v2\/media?parent=3481"}],"wp:term":[{"taxonomy":"product_brand","embeddable":true,"href":"https:\/\/kinnamark.se\/en\/wp-json\/wp\/v2\/product_brand?post=3481"},{"taxonomy":"product_cat","embeddable":true,"href":"https:\/\/kinnamark.se\/en\/wp-json\/wp\/v2\/product_cat?post=3481"},{"taxonomy":"product_tag","embeddable":true,"href":"https:\/\/kinnamark.se\/en\/wp-json\/wp\/v2\/product_tag?post=3481"}],"curies":[{"name":"wp","href":"https:\/\/api.w.org\/{rel}","templated":true}]}}