{"id":4605,"date":"2021-02-04T21:40:34","date_gmt":"2021-02-04T20:40:34","guid":{"rendered":"https:\/\/kinnamark.se\/?post_type=product&#038;p=4605"},"modified":"2023-07-04T09:23:50","modified_gmt":"2023-07-04T07:23:50","slug":"contur-fr","status":"publish","type":"product","link":"https:\/\/kinnamark.se\/en\/kollektion\/contur-fr\/","title":{"rendered":"CONTUR &#8211; FR"},"content":{"rendered":"","protected":false},"excerpt":{"rendered":"<p>Contur \u00e4r ett vackert tyg som uttrycker just naturlighet. Den eleganta kvalit\u00e9n ger ett vackert fall och med en bredd p\u00e5 300 cm \u00e4r den utm\u00e4rkt f\u00f6r st\u00f6rre upph\u00e4ngningar. Contur har dessutom bra akustisk ljudklassning, vilket g\u00f6r den extra intressant. F\u00e4rgskalan utstr\u00e5lar naturlighet och f\u00e4rgtonerna vandrar i dova, jordn\u00e4ra pasteller.<\/p>","protected":false},"featured_media":4649,"template":"","meta":{"_acf_changed":false,"_angie_page":false,"_exactmetrics_skip_tracking":false,"_exactmetrics_sitenote_active":false,"_exactmetrics_sitenote_note":"","_exactmetrics_sitenote_category":0},"product_brand":[],"product_cat":[42],"product_tag":[46,51,47,45],"class_list":{"0":"post-4605","1":"product","2":"type-product","3":"status-publish","4":"has-post-thumbnail","6":"product_cat-hangande-textil","7":"product_tag-akustik","8":"product_tag-bred-textil","9":"product_tag-enfargat","10":"product_tag-flamsaker","11":"pa_material-polyester-trevira-cs","12":"pa_tygbredd-300-cm","14":"first","15":"instock","16":"shipping-taxable","17":"product-type-simple"},"acf":[],"aioseo_notices":[],"_links":{"self":[{"href":"https:\/\/kinnamark.se\/en\/wp-json\/wp\/v2\/product\/4605","targetHints":{"allow":["GET"]}}],"collection":[{"href":"https:\/\/kinnamark.se\/en\/wp-json\/wp\/v2\/product"}],"about":[{"href":"https:\/\/kinnamark.se\/en\/wp-json\/wp\/v2\/types\/product"}],"version-history":[{"count":5,"href":"https:\/\/kinnamark.se\/en\/wp-json\/wp\/v2\/product\/4605\/revisions"}],"predecessor-version":[{"id":4836,"href":"https:\/\/kinnamark.se\/en\/wp-json\/wp\/v2\/product\/4605\/revisions\/4836"}],"wp:featuredmedia":[{"embeddable":true,"href":"https:\/\/kinnamark.se\/en\/wp-json\/wp\/v2\/media\/4649"}],"wp:attachment":[{"href":"https:\/\/kinnamark.se\/en\/wp-json\/wp\/v2\/media?parent=4605"}],"wp:term":[{"taxonomy":"product_brand","embeddable":true,"href":"https:\/\/kinnamark.se\/en\/wp-json\/wp\/v2\/product_brand?post=4605"},{"taxonomy":"product_cat","embeddable":true,"href":"https:\/\/kinnamark.se\/en\/wp-json\/wp\/v2\/product_cat?post=4605"},{"taxonomy":"product_tag","embeddable":true,"href":"https:\/\/kinnamark.se\/en\/wp-json\/wp\/v2\/product_tag?post=4605"}],"curies":[{"name":"wp","href":"https:\/\/api.w.org\/{rel}","templated":true}]}}