{"id":4761,"date":"2023-06-16T07:40:19","date_gmt":"2023-06-16T05:40:19","guid":{"rendered":"https:\/\/kinnamark.se\/?post_type=product&#038;p=4761"},"modified":"2023-07-04T14:23:09","modified_gmt":"2023-07-04T12:23:09","slug":"follow-fr","status":"publish","type":"product","link":"https:\/\/kinnamark.se\/en\/kollektion\/follow-fr\/","title":{"rendered":"FOLLOW &#8211; FR"},"content":{"rendered":"","protected":false},"excerpt":{"rendered":"<p>Follow \u00e4r ett enf\u00e4rgat tyg med ett kraftigare garn inv\u00e4nt, som skapar en fin randeffekt. R\u00e4nderna \u00e4r inv\u00e4vda fr\u00e5n kant till kant, s\u00e5 att gardinen blir l\u00e5ngrandig n\u00e4r tygets bredd anv\u00e4nds som gardinens h\u00f6jd. Det ger tyget ett enf\u00e4rgat utseende med ett l\u00e4tt m\u00f6nstrat uttryck. Follow \u00e4r flams\u00e4kert och 300 cm brett, vilket g\u00f6r det passande att h\u00e4nga som breda wave gardiner.<br \/>\nF\u00e4rgskalan \u00e4r f\u00f6rsiktig med svaga f\u00e4rgtoner som g\u00f6r att tyget l\u00e4tt kan kombineras med andra tyger och \u00f6vrig inredning. Follow \u00e4r tillverkat av flams\u00e4ker polyester fr\u00e5n Trevira CS, vilket inneb\u00e4r att det \u00e4r 100% \u00e5tervinningsbart.<\/p>","protected":false},"featured_media":4859,"template":"","meta":{"_acf_changed":false,"_angie_page":false,"_exactmetrics_skip_tracking":false,"_exactmetrics_sitenote_active":false,"_exactmetrics_sitenote_note":"","_exactmetrics_sitenote_category":0},"product_brand":[],"product_cat":[42],"product_tag":[51,47,45],"class_list":{"0":"post-4761","1":"product","2":"type-product","3":"status-publish","4":"has-post-thumbnail","6":"product_cat-hangande-textil","7":"product_tag-bred-textil","8":"product_tag-enfargat","9":"product_tag-flamsaker","10":"pa_material-polyester-trevira-cs","11":"pa_tygbredd-300-cm","13":"first","14":"instock","15":"shipping-taxable","16":"product-type-simple"},"acf":[],"aioseo_notices":[],"_links":{"self":[{"href":"https:\/\/kinnamark.se\/en\/wp-json\/wp\/v2\/product\/4761","targetHints":{"allow":["GET"]}}],"collection":[{"href":"https:\/\/kinnamark.se\/en\/wp-json\/wp\/v2\/product"}],"about":[{"href":"https:\/\/kinnamark.se\/en\/wp-json\/wp\/v2\/types\/product"}],"version-history":[{"count":9,"href":"https:\/\/kinnamark.se\/en\/wp-json\/wp\/v2\/product\/4761\/revisions"}],"predecessor-version":[{"id":4858,"href":"https:\/\/kinnamark.se\/en\/wp-json\/wp\/v2\/product\/4761\/revisions\/4858"}],"wp:featuredmedia":[{"embeddable":true,"href":"https:\/\/kinnamark.se\/en\/wp-json\/wp\/v2\/media\/4859"}],"wp:attachment":[{"href":"https:\/\/kinnamark.se\/en\/wp-json\/wp\/v2\/media?parent=4761"}],"wp:term":[{"taxonomy":"product_brand","embeddable":true,"href":"https:\/\/kinnamark.se\/en\/wp-json\/wp\/v2\/product_brand?post=4761"},{"taxonomy":"product_cat","embeddable":true,"href":"https:\/\/kinnamark.se\/en\/wp-json\/wp\/v2\/product_cat?post=4761"},{"taxonomy":"product_tag","embeddable":true,"href":"https:\/\/kinnamark.se\/en\/wp-json\/wp\/v2\/product_tag?post=4761"}],"curies":[{"name":"wp","href":"https:\/\/api.w.org\/{rel}","templated":true}]}}