{"id":4814,"date":"2023-07-03T12:28:32","date_gmt":"2023-07-03T10:28:32","guid":{"rendered":"https:\/\/kinnamark.se\/?post_type=product&#038;p=4814"},"modified":"2023-07-04T10:39:26","modified_gmt":"2023-07-04T08:39:26","slug":"nivi-fr","status":"publish","type":"product","link":"https:\/\/kinnamark.se\/en\/kollektion\/nivi-fr\/","title":{"rendered":"NIVI &#8211; FR"},"content":{"rendered":"","protected":false},"excerpt":{"rendered":"<p>Nivi \u00e4r ett transparent tyg som \u00e4r v\u00e4vt som ett fint n\u00e4t med snyggt fall. Tyget har en fin naturlig, textil k\u00e4nsla. Nivi \u00e4r flams\u00e4kert och 300 cm brett, vilket g\u00f6r det passande att h\u00e4nga som breda wave gardiner.<br \/>\nF\u00e4rgskalan \u00e4r stor har en fin bredd med djupa fina f\u00e4rgtoner. Nivi \u00e4r tillverkat av flams\u00e4ker polyester fr\u00e5n Trevira CS, vilket g\u00f6r att det \u00e4r 100% \u00e5tervinningsbart.<\/p>","protected":false},"featured_media":4852,"template":"","meta":{"_acf_changed":false,"_angie_page":false,"_exactmetrics_skip_tracking":false,"_exactmetrics_sitenote_active":false,"_exactmetrics_sitenote_note":"","_exactmetrics_sitenote_category":0},"product_brand":[],"product_cat":[42],"product_tag":[51,47,45],"class_list":{"0":"post-4814","1":"product","2":"type-product","3":"status-publish","4":"has-post-thumbnail","6":"product_cat-hangande-textil","7":"product_tag-bred-textil","8":"product_tag-enfargat","9":"product_tag-flamsaker","10":"pa_material-polyester-trevira-cs","11":"pa_tygbredd-300-cm","13":"first","14":"instock","15":"shipping-taxable","16":"product-type-simple"},"acf":[],"aioseo_notices":[],"_links":{"self":[{"href":"https:\/\/kinnamark.se\/en\/wp-json\/wp\/v2\/product\/4814","targetHints":{"allow":["GET"]}}],"collection":[{"href":"https:\/\/kinnamark.se\/en\/wp-json\/wp\/v2\/product"}],"about":[{"href":"https:\/\/kinnamark.se\/en\/wp-json\/wp\/v2\/types\/product"}],"version-history":[{"count":8,"href":"https:\/\/kinnamark.se\/en\/wp-json\/wp\/v2\/product\/4814\/revisions"}],"predecessor-version":[{"id":4840,"href":"https:\/\/kinnamark.se\/en\/wp-json\/wp\/v2\/product\/4814\/revisions\/4840"}],"wp:featuredmedia":[{"embeddable":true,"href":"https:\/\/kinnamark.se\/en\/wp-json\/wp\/v2\/media\/4852"}],"wp:attachment":[{"href":"https:\/\/kinnamark.se\/en\/wp-json\/wp\/v2\/media?parent=4814"}],"wp:term":[{"taxonomy":"product_brand","embeddable":true,"href":"https:\/\/kinnamark.se\/en\/wp-json\/wp\/v2\/product_brand?post=4814"},{"taxonomy":"product_cat","embeddable":true,"href":"https:\/\/kinnamark.se\/en\/wp-json\/wp\/v2\/product_cat?post=4814"},{"taxonomy":"product_tag","embeddable":true,"href":"https:\/\/kinnamark.se\/en\/wp-json\/wp\/v2\/product_tag?post=4814"}],"curies":[{"name":"wp","href":"https:\/\/api.w.org\/{rel}","templated":true}]}}