{"id":4864,"date":"2023-07-06T16:45:24","date_gmt":"2023-07-06T14:45:24","guid":{"rendered":"https:\/\/kinnamark.se\/?post_type=product&#038;p=4864"},"modified":"2023-07-07T14:53:12","modified_gmt":"2023-07-07T12:53:12","slug":"barolo-fr","status":"publish","type":"product","link":"https:\/\/kinnamark.se\/en\/kollektion\/barolo-fr\/","title":{"rendered":"BAROLO &#8211; FR"},"content":{"rendered":"","protected":false},"excerpt":{"rendered":"<p>Barolo \u00e4r ett kraftigt tyg med en yta som ser ut som ett borstat ulltyg. Tyget \u00e4r 300 cm brett och flams\u00e4kert. Barolo har goda akustiska egenskaper och passar bra som gardin eller ett draperi som b\u00e5de blir en fin installation och en akustik d\u00e4mpare.<\/p>","protected":false},"featured_media":4902,"template":"","meta":{"_acf_changed":false,"_angie_page":false,"_exactmetrics_skip_tracking":false,"_exactmetrics_sitenote_active":false,"_exactmetrics_sitenote_note":"","_exactmetrics_sitenote_category":0},"product_brand":[],"product_cat":[42],"product_tag":[46,51,47,45],"class_list":{"0":"post-4864","1":"product","2":"type-product","3":"status-publish","4":"has-post-thumbnail","6":"product_cat-hangande-textil","7":"product_tag-akustik","8":"product_tag-bred-textil","9":"product_tag-enfargat","10":"product_tag-flamsaker","11":"pa_material-polyester-trevira-cs","12":"pa_tygbredd-300-cm","14":"first","15":"instock","16":"shipping-taxable","17":"product-type-simple"},"acf":[],"aioseo_notices":[],"_links":{"self":[{"href":"https:\/\/kinnamark.se\/en\/wp-json\/wp\/v2\/product\/4864","targetHints":{"allow":["GET"]}}],"collection":[{"href":"https:\/\/kinnamark.se\/en\/wp-json\/wp\/v2\/product"}],"about":[{"href":"https:\/\/kinnamark.se\/en\/wp-json\/wp\/v2\/types\/product"}],"version-history":[{"count":6,"href":"https:\/\/kinnamark.se\/en\/wp-json\/wp\/v2\/product\/4864\/revisions"}],"predecessor-version":[{"id":4905,"href":"https:\/\/kinnamark.se\/en\/wp-json\/wp\/v2\/product\/4864\/revisions\/4905"}],"wp:featuredmedia":[{"embeddable":true,"href":"https:\/\/kinnamark.se\/en\/wp-json\/wp\/v2\/media\/4902"}],"wp:attachment":[{"href":"https:\/\/kinnamark.se\/en\/wp-json\/wp\/v2\/media?parent=4864"}],"wp:term":[{"taxonomy":"product_brand","embeddable":true,"href":"https:\/\/kinnamark.se\/en\/wp-json\/wp\/v2\/product_brand?post=4864"},{"taxonomy":"product_cat","embeddable":true,"href":"https:\/\/kinnamark.se\/en\/wp-json\/wp\/v2\/product_cat?post=4864"},{"taxonomy":"product_tag","embeddable":true,"href":"https:\/\/kinnamark.se\/en\/wp-json\/wp\/v2\/product_tag?post=4864"}],"curies":[{"name":"wp","href":"https:\/\/api.w.org\/{rel}","templated":true}]}}