{"id":4955,"date":"2023-09-06T14:55:17","date_gmt":"2023-09-06T12:55:17","guid":{"rendered":"https:\/\/kinnamark.se\/?post_type=product&#038;p=4955"},"modified":"2023-09-07T12:46:48","modified_gmt":"2023-09-07T10:46:48","slug":"mist","status":"publish","type":"product","link":"https:\/\/kinnamark.se\/en\/kollektion\/mist\/","title":{"rendered":"MIST"},"content":{"rendered":"","protected":false},"excerpt":{"rendered":"<p>Mist \u00e4r ett tyg som \u00e4r tillverkat 86% \u00e5tervunnen polyester och 14% ny polyester. Tyget har ett rustikt uttryck, med en liten transparens som silar ljuset fint. Mist \u00e4r 300 cm brett, h\u00f6g tyngd och ett mycket fint fall, vilket g\u00f6r att det och passar fint som gardin eller draperi.<br \/>\nF\u00e4rgerna \u00e4r jordn\u00e4ra, br\u00e4nda och harmoniska.<\/p>","protected":false},"featured_media":4948,"template":"","meta":{"_acf_changed":false,"_angie_page":false,"_exactmetrics_skip_tracking":false,"_exactmetrics_sitenote_active":false,"_exactmetrics_sitenote_note":"","_exactmetrics_sitenote_category":0},"product_brand":[],"product_cat":[42],"product_tag":[51,47,84],"class_list":{"0":"post-4955","1":"product","2":"type-product","3":"status-publish","4":"has-post-thumbnail","6":"product_cat-hangande-textil","7":"product_tag-bred-textil","8":"product_tag-enfargat","9":"product_tag-recycled","10":"pa_material-polyester","11":"pa_tygbredd-300-cm","13":"first","14":"instock","15":"shipping-taxable","16":"product-type-simple"},"acf":[],"aioseo_notices":[],"_links":{"self":[{"href":"https:\/\/kinnamark.se\/en\/wp-json\/wp\/v2\/product\/4955","targetHints":{"allow":["GET"]}}],"collection":[{"href":"https:\/\/kinnamark.se\/en\/wp-json\/wp\/v2\/product"}],"about":[{"href":"https:\/\/kinnamark.se\/en\/wp-json\/wp\/v2\/types\/product"}],"version-history":[{"count":3,"href":"https:\/\/kinnamark.se\/en\/wp-json\/wp\/v2\/product\/4955\/revisions"}],"predecessor-version":[{"id":4958,"href":"https:\/\/kinnamark.se\/en\/wp-json\/wp\/v2\/product\/4955\/revisions\/4958"}],"wp:featuredmedia":[{"embeddable":true,"href":"https:\/\/kinnamark.se\/en\/wp-json\/wp\/v2\/media\/4948"}],"wp:attachment":[{"href":"https:\/\/kinnamark.se\/en\/wp-json\/wp\/v2\/media?parent=4955"}],"wp:term":[{"taxonomy":"product_brand","embeddable":true,"href":"https:\/\/kinnamark.se\/en\/wp-json\/wp\/v2\/product_brand?post=4955"},{"taxonomy":"product_cat","embeddable":true,"href":"https:\/\/kinnamark.se\/en\/wp-json\/wp\/v2\/product_cat?post=4955"},{"taxonomy":"product_tag","embeddable":true,"href":"https:\/\/kinnamark.se\/en\/wp-json\/wp\/v2\/product_tag?post=4955"}],"curies":[{"name":"wp","href":"https:\/\/api.w.org\/{rel}","templated":true}]}}