{"id":5041,"date":"2023-09-18T10:48:06","date_gmt":"2023-09-18T08:48:06","guid":{"rendered":"https:\/\/kinnamark.se\/?post_type=product&#038;p=5041"},"modified":"2025-10-15T14:27:55","modified_gmt":"2025-10-15T12:27:55","slug":"grace","status":"publish","type":"product","link":"https:\/\/kinnamark.se\/en\/kollektion\/grace\/","title":{"rendered":"GRACE"},"content":{"rendered":"","protected":false},"excerpt":{"rendered":"<p>Grace \u00e4r ett skirt, transparent tyg med ett vackert naturligt uttryck. Grace \u00e4r 315 cm brett och har ett mycket fint fall. F\u00e4rgerna \u00e4r jordn\u00e4ra, br\u00e4nda och harmoniska.<\/p>","protected":false},"featured_media":5045,"template":"","meta":{"_acf_changed":false,"_angie_page":false,"_exactmetrics_skip_tracking":false,"_exactmetrics_sitenote_active":false,"_exactmetrics_sitenote_note":"","_exactmetrics_sitenote_category":0},"product_brand":[],"product_cat":[42],"product_tag":[51,47],"class_list":{"0":"post-5041","1":"product","2":"type-product","3":"status-publish","4":"has-post-thumbnail","6":"product_cat-hangande-textil","7":"product_tag-bred-textil","8":"product_tag-enfargat","9":"pa_material-lin","10":"pa_material-polyester","11":"pa_tygbredd-315-cm","13":"first","14":"instock","15":"shipping-taxable","16":"product-type-simple"},"acf":[],"aioseo_notices":[],"_links":{"self":[{"href":"https:\/\/kinnamark.se\/en\/wp-json\/wp\/v2\/product\/5041","targetHints":{"allow":["GET"]}}],"collection":[{"href":"https:\/\/kinnamark.se\/en\/wp-json\/wp\/v2\/product"}],"about":[{"href":"https:\/\/kinnamark.se\/en\/wp-json\/wp\/v2\/types\/product"}],"version-history":[{"count":5,"href":"https:\/\/kinnamark.se\/en\/wp-json\/wp\/v2\/product\/5041\/revisions"}],"predecessor-version":[{"id":5751,"href":"https:\/\/kinnamark.se\/en\/wp-json\/wp\/v2\/product\/5041\/revisions\/5751"}],"wp:featuredmedia":[{"embeddable":true,"href":"https:\/\/kinnamark.se\/en\/wp-json\/wp\/v2\/media\/5045"}],"wp:attachment":[{"href":"https:\/\/kinnamark.se\/en\/wp-json\/wp\/v2\/media?parent=5041"}],"wp:term":[{"taxonomy":"product_brand","embeddable":true,"href":"https:\/\/kinnamark.se\/en\/wp-json\/wp\/v2\/product_brand?post=5041"},{"taxonomy":"product_cat","embeddable":true,"href":"https:\/\/kinnamark.se\/en\/wp-json\/wp\/v2\/product_cat?post=5041"},{"taxonomy":"product_tag","embeddable":true,"href":"https:\/\/kinnamark.se\/en\/wp-json\/wp\/v2\/product_tag?post=5041"}],"curies":[{"name":"wp","href":"https:\/\/api.w.org\/{rel}","templated":true}]}}