{"id":5357,"date":"2024-03-01T16:52:17","date_gmt":"2024-03-01T15:52:17","guid":{"rendered":"https:\/\/kinnamark.se\/?post_type=product&#038;p=5357"},"modified":"2026-03-31T15:40:35","modified_gmt":"2026-03-31T13:40:35","slug":"palette-fr","status":"publish","type":"product","link":"https:\/\/kinnamark.se\/en\/kollektion\/palette-fr\/","title":{"rendered":"PALETTE &#8211; FR"},"content":{"rendered":"<p>Flams\u00e4kert transparent tyg<\/p>","protected":false},"excerpt":{"rendered":"<p>F\u00e4rgskalan inneh\u00e5ller allt fr\u00e5n skimrande lekfulla pasteller till djupa, br\u00e4nda toner. Tyget \u00e4r 300 cm brett, med tyngdband, vilket skapar m\u00f6jligheter till vackra upph\u00e4ngningar. Tygets skira kvalitet med vackert fall ger ett fint ljus genomsl\u00e4pp, samtidigt som en st\u00f6rre veckning ocks\u00e5 avsk\u00e4rmar fr\u00e5n ljus och insyn. Tyget \u00e4r tillverkat i flams\u00e4ker polyester fr\u00e5n Trevira CS, vilket inneb\u00e4r att det \u00e4r 100% \u00e5tervinningsbart.<\/p>","protected":false},"featured_media":2557,"template":"","meta":{"_acf_changed":false,"_angie_page":false,"_exactmetrics_skip_tracking":false,"_exactmetrics_sitenote_active":false,"_exactmetrics_sitenote_note":"","_exactmetrics_sitenote_category":0},"product_brand":[],"product_cat":[42],"product_tag":[51,47,45],"class_list":{"0":"post-5357","1":"product","2":"type-product","3":"status-publish","4":"has-post-thumbnail","6":"product_cat-hangande-textil","7":"product_tag-bred-textil","8":"product_tag-enfargat","9":"product_tag-flamsaker","10":"pa_material-polyester-trevira-cs","11":"pa_tygbredd-300-cm","13":"first","14":"instock","15":"shipping-taxable","16":"product-type-simple"},"acf":[],"aioseo_notices":[],"_links":{"self":[{"href":"https:\/\/kinnamark.se\/en\/wp-json\/wp\/v2\/product\/5357","targetHints":{"allow":["GET"]}}],"collection":[{"href":"https:\/\/kinnamark.se\/en\/wp-json\/wp\/v2\/product"}],"about":[{"href":"https:\/\/kinnamark.se\/en\/wp-json\/wp\/v2\/types\/product"}],"version-history":[{"count":15,"href":"https:\/\/kinnamark.se\/en\/wp-json\/wp\/v2\/product\/5357\/revisions"}],"predecessor-version":[{"id":5376,"href":"https:\/\/kinnamark.se\/en\/wp-json\/wp\/v2\/product\/5357\/revisions\/5376"}],"wp:featuredmedia":[{"embeddable":true,"href":"https:\/\/kinnamark.se\/en\/wp-json\/wp\/v2\/media\/2557"}],"wp:attachment":[{"href":"https:\/\/kinnamark.se\/en\/wp-json\/wp\/v2\/media?parent=5357"}],"wp:term":[{"taxonomy":"product_brand","embeddable":true,"href":"https:\/\/kinnamark.se\/en\/wp-json\/wp\/v2\/product_brand?post=5357"},{"taxonomy":"product_cat","embeddable":true,"href":"https:\/\/kinnamark.se\/en\/wp-json\/wp\/v2\/product_cat?post=5357"},{"taxonomy":"product_tag","embeddable":true,"href":"https:\/\/kinnamark.se\/en\/wp-json\/wp\/v2\/product_tag?post=5357"}],"curies":[{"name":"wp","href":"https:\/\/api.w.org\/{rel}","templated":true}]}}