{"id":5399,"date":"2024-03-12T06:01:53","date_gmt":"2024-03-12T05:01:53","guid":{"rendered":"https:\/\/kinnamark.se\/?post_type=product&#038;p=5399"},"modified":"2025-09-22T11:02:30","modified_gmt":"2025-09-22T09:02:30","slug":"shadow-dimout-fr","status":"publish","type":"product","link":"https:\/\/kinnamark.se\/en\/kollektion\/shadow-dimout-fr\/","title":{"rendered":"SHADOW DIMOUT &#8211; FR"},"content":{"rendered":"","protected":false},"excerpt":{"rendered":"<p>Shadow Dimout \u00e4r ett elegant m\u00f6rkl\u00e4ggningstyg med en sl\u00e4t yta med en viss lyster. Shadow Dimout \u00e4r flams\u00e4ker och 300 cm bred och har ett mjukt, fint fall. Dessutom med en god ljudklassning, vilket g\u00f6r den utm\u00e4rkt till gardiner och draperier d\u00e4r man \u00f6nskar d\u00e4mpa akustiken.<\/p>","protected":false},"featured_media":5569,"template":"","meta":{"_acf_changed":false,"_angie_page":false,"_exactmetrics_skip_tracking":false,"_exactmetrics_sitenote_active":false,"_exactmetrics_sitenote_note":"","_exactmetrics_sitenote_category":0},"product_brand":[],"product_cat":[42],"product_tag":[46,51,47,45,50],"class_list":{"0":"post-5399","1":"product","2":"type-product","3":"status-publish","4":"has-post-thumbnail","6":"product_cat-hangande-textil","7":"product_tag-akustik","8":"product_tag-bred-textil","9":"product_tag-enfargat","10":"product_tag-flamsaker","11":"product_tag-morklaggande","12":"pa_material-polyester-fr","13":"pa_tygbredd-300-cm","15":"first","16":"instock","17":"shipping-taxable","18":"product-type-simple"},"acf":[],"aioseo_notices":[],"_links":{"self":[{"href":"https:\/\/kinnamark.se\/en\/wp-json\/wp\/v2\/product\/5399","targetHints":{"allow":["GET"]}}],"collection":[{"href":"https:\/\/kinnamark.se\/en\/wp-json\/wp\/v2\/product"}],"about":[{"href":"https:\/\/kinnamark.se\/en\/wp-json\/wp\/v2\/types\/product"}],"version-history":[{"count":5,"href":"https:\/\/kinnamark.se\/en\/wp-json\/wp\/v2\/product\/5399\/revisions"}],"predecessor-version":[{"id":5742,"href":"https:\/\/kinnamark.se\/en\/wp-json\/wp\/v2\/product\/5399\/revisions\/5742"}],"wp:featuredmedia":[{"embeddable":true,"href":"https:\/\/kinnamark.se\/en\/wp-json\/wp\/v2\/media\/5569"}],"wp:attachment":[{"href":"https:\/\/kinnamark.se\/en\/wp-json\/wp\/v2\/media?parent=5399"}],"wp:term":[{"taxonomy":"product_brand","embeddable":true,"href":"https:\/\/kinnamark.se\/en\/wp-json\/wp\/v2\/product_brand?post=5399"},{"taxonomy":"product_cat","embeddable":true,"href":"https:\/\/kinnamark.se\/en\/wp-json\/wp\/v2\/product_cat?post=5399"},{"taxonomy":"product_tag","embeddable":true,"href":"https:\/\/kinnamark.se\/en\/wp-json\/wp\/v2\/product_tag?post=5399"}],"curies":[{"name":"wp","href":"https:\/\/api.w.org\/{rel}","templated":true}]}}