{"id":5451,"date":"2024-03-12T07:30:45","date_gmt":"2024-03-12T06:30:45","guid":{"rendered":"https:\/\/kinnamark.se\/?post_type=product&#038;p=5451"},"modified":"2025-10-15T14:17:40","modified_gmt":"2025-10-15T12:17:40","slug":"faro-dimout","status":"publish","type":"product","link":"https:\/\/kinnamark.se\/en\/kollektion\/faro-dimout\/","title":{"rendered":"FARO DIMOUT"},"content":{"rendered":"","protected":false},"excerpt":{"rendered":"<p>Faro Dimout \u00e4r ett m\u00f6rkl\u00e4ggnings tyg i melerade f\u00e4rger med en fin v\u00e4vd yta med en viss lyster. Faro Dimout \u00e4r har samma utseende p\u00e5 b\u00e5da sidor och \u00e4r 300 cm bred och har ett mjukt, fint fall. Dessutom med en god ljudklassning, vilket g\u00f6r den utm\u00e4rkt till gardiner och draperier d\u00e4r man \u00f6nskar d\u00e4mpa akustiken.<\/p>","protected":false},"featured_media":5576,"template":"","meta":{"_acf_changed":false,"_angie_page":false,"_exactmetrics_skip_tracking":false,"_exactmetrics_sitenote_active":false,"_exactmetrics_sitenote_note":"","_exactmetrics_sitenote_category":0},"product_brand":[],"product_cat":[42],"product_tag":[46,51,47,50,84],"class_list":{"0":"post-5451","1":"product","2":"type-product","3":"status-publish","4":"has-post-thumbnail","6":"product_cat-hangande-textil","7":"product_tag-akustik","8":"product_tag-bred-textil","9":"product_tag-enfargat","10":"product_tag-morklaggande","11":"product_tag-recycled","12":"pa_material-polyester","13":"pa_tygbredd-300-cm","15":"first","16":"instock","17":"shipping-taxable","18":"product-type-simple"},"acf":[],"aioseo_notices":[],"_links":{"self":[{"href":"https:\/\/kinnamark.se\/en\/wp-json\/wp\/v2\/product\/5451","targetHints":{"allow":["GET"]}}],"collection":[{"href":"https:\/\/kinnamark.se\/en\/wp-json\/wp\/v2\/product"}],"about":[{"href":"https:\/\/kinnamark.se\/en\/wp-json\/wp\/v2\/types\/product"}],"version-history":[{"count":5,"href":"https:\/\/kinnamark.se\/en\/wp-json\/wp\/v2\/product\/5451\/revisions"}],"predecessor-version":[{"id":5582,"href":"https:\/\/kinnamark.se\/en\/wp-json\/wp\/v2\/product\/5451\/revisions\/5582"}],"wp:featuredmedia":[{"embeddable":true,"href":"https:\/\/kinnamark.se\/en\/wp-json\/wp\/v2\/media\/5576"}],"wp:attachment":[{"href":"https:\/\/kinnamark.se\/en\/wp-json\/wp\/v2\/media?parent=5451"}],"wp:term":[{"taxonomy":"product_brand","embeddable":true,"href":"https:\/\/kinnamark.se\/en\/wp-json\/wp\/v2\/product_brand?post=5451"},{"taxonomy":"product_cat","embeddable":true,"href":"https:\/\/kinnamark.se\/en\/wp-json\/wp\/v2\/product_cat?post=5451"},{"taxonomy":"product_tag","embeddable":true,"href":"https:\/\/kinnamark.se\/en\/wp-json\/wp\/v2\/product_tag?post=5451"}],"curies":[{"name":"wp","href":"https:\/\/api.w.org\/{rel}","templated":true}]}}