{"id":5478,"date":"2024-03-12T09:10:30","date_gmt":"2024-03-12T08:10:30","guid":{"rendered":"https:\/\/kinnamark.se\/?post_type=product&#038;p=5478"},"modified":"2025-10-15T14:26:49","modified_gmt":"2025-10-15T12:26:49","slug":"lani","status":"publish","type":"product","link":"https:\/\/kinnamark.se\/en\/kollektion\/lani\/","title":{"rendered":"LANI"},"content":{"rendered":"","protected":false},"excerpt":{"rendered":"<p>Lani \u00e4r ett tunt v\u00e4vt tyg med stor transparens med en l\u00e4tt metallisk lyster. Lani \u00e4r 295 cm brett, vilket g\u00f6r det passande att h\u00e4nga som breda gardiner vid stora glas partier.<br \/>\nTyget \u00e4r mjukt och f\u00f6ljsamt och har ett fint fall.<\/p>","protected":false},"featured_media":5549,"template":"","meta":{"_acf_changed":false,"_angie_page":false,"_exactmetrics_skip_tracking":false,"_exactmetrics_sitenote_active":false,"_exactmetrics_sitenote_note":"","_exactmetrics_sitenote_category":0},"product_brand":[],"product_cat":[42],"product_tag":[51,47],"class_list":{"0":"post-5478","1":"product","2":"type-product","3":"status-publish","4":"has-post-thumbnail","6":"product_cat-hangande-textil","7":"product_tag-bred-textil","8":"product_tag-enfargat","9":"pa_material-polyester","10":"pa_tygbredd-295-cm","12":"first","13":"instock","14":"shipping-taxable","15":"product-type-simple"},"acf":[],"aioseo_notices":[],"_links":{"self":[{"href":"https:\/\/kinnamark.se\/en\/wp-json\/wp\/v2\/product\/5478","targetHints":{"allow":["GET"]}}],"collection":[{"href":"https:\/\/kinnamark.se\/en\/wp-json\/wp\/v2\/product"}],"about":[{"href":"https:\/\/kinnamark.se\/en\/wp-json\/wp\/v2\/types\/product"}],"version-history":[{"count":6,"href":"https:\/\/kinnamark.se\/en\/wp-json\/wp\/v2\/product\/5478\/revisions"}],"predecessor-version":[{"id":5575,"href":"https:\/\/kinnamark.se\/en\/wp-json\/wp\/v2\/product\/5478\/revisions\/5575"}],"wp:featuredmedia":[{"embeddable":true,"href":"https:\/\/kinnamark.se\/en\/wp-json\/wp\/v2\/media\/5549"}],"wp:attachment":[{"href":"https:\/\/kinnamark.se\/en\/wp-json\/wp\/v2\/media?parent=5478"}],"wp:term":[{"taxonomy":"product_brand","embeddable":true,"href":"https:\/\/kinnamark.se\/en\/wp-json\/wp\/v2\/product_brand?post=5478"},{"taxonomy":"product_cat","embeddable":true,"href":"https:\/\/kinnamark.se\/en\/wp-json\/wp\/v2\/product_cat?post=5478"},{"taxonomy":"product_tag","embeddable":true,"href":"https:\/\/kinnamark.se\/en\/wp-json\/wp\/v2\/product_tag?post=5478"}],"curies":[{"name":"wp","href":"https:\/\/api.w.org\/{rel}","templated":true}]}}