{"id":5507,"date":"2024-03-12T09:59:45","date_gmt":"2024-03-12T08:59:45","guid":{"rendered":"https:\/\/kinnamark.se\/?post_type=product&#038;p=5507"},"modified":"2025-10-15T14:24:44","modified_gmt":"2025-10-15T12:24:44","slug":"essei","status":"publish","type":"product","link":"https:\/\/kinnamark.se\/en\/kollektion\/essei\/","title":{"rendered":"ESSEI"},"content":{"rendered":"","protected":false},"excerpt":{"rendered":"<p>Essei \u00e4r tillverkat av 100% \u00e5tervunnen polyester. Det \u00e4r ett tyg som \u00e4r v\u00e4vt med grova garner med linne struktur och \u00e4r semi transparent. Tyget \u00e4r 295 cm brett, vilket g\u00f6r det passande att h\u00e4nga som breda gardiner vid stora stora glaspartier eller som draperi. Tyget \u00e4r mjukt och f\u00f6ljsamt och har ett fint fall. F\u00e4rgerna \u00e4r sobra, jordn\u00e4ra med en liten sv\u00e4rta.<\/p>","protected":false},"featured_media":5560,"template":"","meta":{"_acf_changed":false,"_angie_page":false,"_exactmetrics_skip_tracking":false,"_exactmetrics_sitenote_active":false,"_exactmetrics_sitenote_note":"","_exactmetrics_sitenote_category":0},"product_brand":[],"product_cat":[42],"product_tag":[51,47,84],"class_list":{"0":"post-5507","1":"product","2":"type-product","3":"status-publish","4":"has-post-thumbnail","6":"product_cat-hangande-textil","7":"product_tag-bred-textil","8":"product_tag-enfargat","9":"product_tag-recycled","10":"pa_material-polyester","11":"pa_tygbredd-295-cm","13":"first","14":"instock","15":"shipping-taxable","16":"product-type-simple"},"acf":[],"aioseo_notices":[],"_links":{"self":[{"href":"https:\/\/kinnamark.se\/en\/wp-json\/wp\/v2\/product\/5507","targetHints":{"allow":["GET"]}}],"collection":[{"href":"https:\/\/kinnamark.se\/en\/wp-json\/wp\/v2\/product"}],"about":[{"href":"https:\/\/kinnamark.se\/en\/wp-json\/wp\/v2\/types\/product"}],"version-history":[{"count":8,"href":"https:\/\/kinnamark.se\/en\/wp-json\/wp\/v2\/product\/5507\/revisions"}],"predecessor-version":[{"id":5573,"href":"https:\/\/kinnamark.se\/en\/wp-json\/wp\/v2\/product\/5507\/revisions\/5573"}],"wp:featuredmedia":[{"embeddable":true,"href":"https:\/\/kinnamark.se\/en\/wp-json\/wp\/v2\/media\/5560"}],"wp:attachment":[{"href":"https:\/\/kinnamark.se\/en\/wp-json\/wp\/v2\/media?parent=5507"}],"wp:term":[{"taxonomy":"product_brand","embeddable":true,"href":"https:\/\/kinnamark.se\/en\/wp-json\/wp\/v2\/product_brand?post=5507"},{"taxonomy":"product_cat","embeddable":true,"href":"https:\/\/kinnamark.se\/en\/wp-json\/wp\/v2\/product_cat?post=5507"},{"taxonomy":"product_tag","embeddable":true,"href":"https:\/\/kinnamark.se\/en\/wp-json\/wp\/v2\/product_tag?post=5507"}],"curies":[{"name":"wp","href":"https:\/\/api.w.org\/{rel}","templated":true}]}}