{"id":5595,"date":"2025-08-29T11:21:51","date_gmt":"2025-08-29T09:21:51","guid":{"rendered":"https:\/\/kinnamark.se\/?post_type=product&#038;p=5595"},"modified":"2025-10-15T14:08:16","modified_gmt":"2025-10-15T12:08:16","slug":"arti","status":"publish","type":"product","link":"https:\/\/kinnamark.se\/en\/kollektion\/arti\/","title":{"rendered":"ARTI"},"content":{"rendered":"","protected":false},"excerpt":{"rendered":"<p>Arti \u00e4r tillverkat av delvis \u00e5tervunnen polyester och nytt lin. Det \u00e4r ett tyg som har ett en fin rustik struktur och en liten transparens. Tyget \u00e4r 300 cm brett, vilket g\u00f6r det passande att h\u00e4nga som breda gardiner, eller draperi. Tyget \u00e4r mjukt och f\u00f6ljsamt och har ett tungt, fint fall. F\u00e4rgerna \u00e4r sobra, jordn\u00e4ra<\/p>","protected":false},"featured_media":5596,"template":"","meta":{"_acf_changed":false,"_angie_page":false,"_exactmetrics_skip_tracking":false,"_exactmetrics_sitenote_active":false,"_exactmetrics_sitenote_note":"","_exactmetrics_sitenote_category":0},"product_brand":[],"product_cat":[42],"product_tag":[51,47,84],"class_list":{"0":"post-5595","1":"product","2":"type-product","3":"status-publish","4":"has-post-thumbnail","6":"product_cat-hangande-textil","7":"product_tag-bred-textil","8":"product_tag-enfargat","9":"product_tag-recycled","10":"pa_material-lin","11":"pa_material-polyester","12":"pa_tygbredd-300-cm","14":"first","15":"instock","16":"shipping-taxable","17":"product-type-simple"},"acf":[],"aioseo_notices":[],"_links":{"self":[{"href":"https:\/\/kinnamark.se\/en\/wp-json\/wp\/v2\/product\/5595","targetHints":{"allow":["GET"]}}],"collection":[{"href":"https:\/\/kinnamark.se\/en\/wp-json\/wp\/v2\/product"}],"about":[{"href":"https:\/\/kinnamark.se\/en\/wp-json\/wp\/v2\/types\/product"}],"version-history":[{"count":11,"href":"https:\/\/kinnamark.se\/en\/wp-json\/wp\/v2\/product\/5595\/revisions"}],"predecessor-version":[{"id":5717,"href":"https:\/\/kinnamark.se\/en\/wp-json\/wp\/v2\/product\/5595\/revisions\/5717"}],"wp:featuredmedia":[{"embeddable":true,"href":"https:\/\/kinnamark.se\/en\/wp-json\/wp\/v2\/media\/5596"}],"wp:attachment":[{"href":"https:\/\/kinnamark.se\/en\/wp-json\/wp\/v2\/media?parent=5595"}],"wp:term":[{"taxonomy":"product_brand","embeddable":true,"href":"https:\/\/kinnamark.se\/en\/wp-json\/wp\/v2\/product_brand?post=5595"},{"taxonomy":"product_cat","embeddable":true,"href":"https:\/\/kinnamark.se\/en\/wp-json\/wp\/v2\/product_cat?post=5595"},{"taxonomy":"product_tag","embeddable":true,"href":"https:\/\/kinnamark.se\/en\/wp-json\/wp\/v2\/product_tag?post=5595"}],"curies":[{"name":"wp","href":"https:\/\/api.w.org\/{rel}","templated":true}]}}