{"id":5671,"date":"2025-09-12T15:14:23","date_gmt":"2025-09-12T13:14:23","guid":{"rendered":"https:\/\/kinnamark.se\/?post_type=product&#038;p=5671"},"modified":"2025-10-15T14:12:05","modified_gmt":"2025-10-15T12:12:05","slug":"stille-fr","status":"publish","type":"product","link":"https:\/\/kinnamark.se\/en\/kollektion\/stille-fr\/","title":{"rendered":"STILLE &#8211; FR"},"content":{"rendered":"","protected":false},"excerpt":{"rendered":"<p>Stille \u00e4r tillverkad av delvis \u00e5tervunnen polyester. Stille \u00e4r v\u00e4vt med en kypertbindning, vilket ger tyget ett fint fall.<br \/>\nDet \u00e4r ett tyg som har ett sobert, maskulint uttryck med en liten transparens. Stille \u00e4r flams\u00e4kert och har ett bra akustik v\u00e4rde och l\u00e4mpar sig som gardin, draperi eller rums avdelare.<\/p>","protected":false},"featured_media":5714,"template":"","meta":{"_acf_changed":false,"_angie_page":false,"_exactmetrics_skip_tracking":false,"_exactmetrics_sitenote_active":false,"_exactmetrics_sitenote_note":"","_exactmetrics_sitenote_category":0},"product_brand":[],"product_cat":[42],"product_tag":[46,51,47,45,84],"class_list":{"0":"post-5671","1":"product","2":"type-product","3":"status-publish","4":"has-post-thumbnail","6":"product_cat-hangande-textil","7":"product_tag-akustik","8":"product_tag-bred-textil","9":"product_tag-enfargat","10":"product_tag-flamsaker","11":"product_tag-recycled","12":"pa_material-polyester-fr","13":"pa_tygbredd-300-cm","15":"first","16":"instock","17":"shipping-taxable","18":"product-type-simple"},"acf":[],"aioseo_notices":[],"_links":{"self":[{"href":"https:\/\/kinnamark.se\/en\/wp-json\/wp\/v2\/product\/5671","targetHints":{"allow":["GET"]}}],"collection":[{"href":"https:\/\/kinnamark.se\/en\/wp-json\/wp\/v2\/product"}],"about":[{"href":"https:\/\/kinnamark.se\/en\/wp-json\/wp\/v2\/types\/product"}],"version-history":[{"count":3,"href":"https:\/\/kinnamark.se\/en\/wp-json\/wp\/v2\/product\/5671\/revisions"}],"predecessor-version":[{"id":5715,"href":"https:\/\/kinnamark.se\/en\/wp-json\/wp\/v2\/product\/5671\/revisions\/5715"}],"wp:featuredmedia":[{"embeddable":true,"href":"https:\/\/kinnamark.se\/en\/wp-json\/wp\/v2\/media\/5714"}],"wp:attachment":[{"href":"https:\/\/kinnamark.se\/en\/wp-json\/wp\/v2\/media?parent=5671"}],"wp:term":[{"taxonomy":"product_brand","embeddable":true,"href":"https:\/\/kinnamark.se\/en\/wp-json\/wp\/v2\/product_brand?post=5671"},{"taxonomy":"product_cat","embeddable":true,"href":"https:\/\/kinnamark.se\/en\/wp-json\/wp\/v2\/product_cat?post=5671"},{"taxonomy":"product_tag","embeddable":true,"href":"https:\/\/kinnamark.se\/en\/wp-json\/wp\/v2\/product_tag?post=5671"}],"curies":[{"name":"wp","href":"https:\/\/api.w.org\/{rel}","templated":true}]}}