{"id":5718,"date":"2025-09-15T15:28:53","date_gmt":"2025-09-15T13:28:53","guid":{"rendered":"https:\/\/kinnamark.se\/?post_type=product&#038;p=5718"},"modified":"2025-10-15T14:10:26","modified_gmt":"2025-10-15T12:10:26","slug":"prime-black-out-fr","status":"publish","type":"product","link":"https:\/\/kinnamark.se\/en\/kollektion\/prime-black-out-fr\/","title":{"rendered":"PRIME BLACK OUT FR"},"content":{"rendered":"","protected":false},"excerpt":{"rendered":"<p>Prime \u00e4r en flams\u00e4ker, 300 cm bred black out. Prime har tyg p\u00e5 b\u00e5de fram och baksida, men i olika f\u00e4rger. Exempelvis \u00e4r f\u00e4rg 03A framsida och 03B baksida. Tyget \u00e4r f\u00f6ljsamt och har v\u00e4vts med en bindning som ger en fin struktur.<\/p>","protected":false},"featured_media":5738,"template":"","meta":{"_acf_changed":false,"_angie_page":false,"_exactmetrics_skip_tracking":false,"_exactmetrics_sitenote_active":false,"_exactmetrics_sitenote_note":"","_exactmetrics_sitenote_category":0},"product_brand":[],"product_cat":[42],"product_tag":[51,47,45,50],"class_list":{"0":"post-5718","1":"product","2":"type-product","3":"status-publish","4":"has-post-thumbnail","6":"product_cat-hangande-textil","7":"product_tag-bred-textil","8":"product_tag-enfargat","9":"product_tag-flamsaker","10":"product_tag-morklaggande","11":"pa_material-polyester-fr","12":"pa_tygbredd-300-cm","14":"first","15":"instock","16":"shipping-taxable","17":"product-type-simple"},"acf":[],"aioseo_notices":[],"_links":{"self":[{"href":"https:\/\/kinnamark.se\/en\/wp-json\/wp\/v2\/product\/5718","targetHints":{"allow":["GET"]}}],"collection":[{"href":"https:\/\/kinnamark.se\/en\/wp-json\/wp\/v2\/product"}],"about":[{"href":"https:\/\/kinnamark.se\/en\/wp-json\/wp\/v2\/types\/product"}],"version-history":[{"count":3,"href":"https:\/\/kinnamark.se\/en\/wp-json\/wp\/v2\/product\/5718\/revisions"}],"predecessor-version":[{"id":5736,"href":"https:\/\/kinnamark.se\/en\/wp-json\/wp\/v2\/product\/5718\/revisions\/5736"}],"wp:featuredmedia":[{"embeddable":true,"href":"https:\/\/kinnamark.se\/en\/wp-json\/wp\/v2\/media\/5738"}],"wp:attachment":[{"href":"https:\/\/kinnamark.se\/en\/wp-json\/wp\/v2\/media?parent=5718"}],"wp:term":[{"taxonomy":"product_brand","embeddable":true,"href":"https:\/\/kinnamark.se\/en\/wp-json\/wp\/v2\/product_brand?post=5718"},{"taxonomy":"product_cat","embeddable":true,"href":"https:\/\/kinnamark.se\/en\/wp-json\/wp\/v2\/product_cat?post=5718"},{"taxonomy":"product_tag","embeddable":true,"href":"https:\/\/kinnamark.se\/en\/wp-json\/wp\/v2\/product_tag?post=5718"}],"curies":[{"name":"wp","href":"https:\/\/api.w.org\/{rel}","templated":true}]}}