{"id":5802,"date":"2026-05-11T09:09:08","date_gmt":"2026-05-11T07:09:08","guid":{"rendered":"https:\/\/kinnamark.se\/?post_type=product&#038;p=5802"},"modified":"2026-05-11T15:51:43","modified_gmt":"2026-05-11T13:51:43","slug":"montana-fr","status":"publish","type":"product","link":"https:\/\/kinnamark.se\/en\/kollektion\/montana-fr\/","title":{"rendered":"MONTANA &#8211; FR"},"content":{"rendered":"","protected":false},"excerpt":{"rendered":"<p>Montana \u00e4r ett semi transparent, flams\u00e4kert tyg med en linne struktur. Tyget \u00e4r v\u00e4vt med ring spunnet garn och har en fin tyngd och faller elegant. Montana skapar en privat avskildhet, men med en transparens.<\/p>","protected":false},"featured_media":5828,"template":"","meta":{"_acf_changed":false,"_angie_page":false,"_exactmetrics_skip_tracking":false,"_exactmetrics_sitenote_active":false,"_exactmetrics_sitenote_note":"","_exactmetrics_sitenote_category":0},"product_brand":[],"product_cat":[42],"product_tag":[51,47,45],"class_list":{"0":"post-5802","1":"product","2":"type-product","3":"status-publish","4":"has-post-thumbnail","6":"product_cat-hangande-textil","7":"product_tag-bred-textil","8":"product_tag-enfargat","9":"product_tag-flamsaker","10":"pa_material-polyester-fr","11":"pa_tygbredd-300-cm","13":"first","14":"instock","15":"shipping-taxable","16":"product-type-simple"},"acf":[],"aioseo_notices":[],"_links":{"self":[{"href":"https:\/\/kinnamark.se\/en\/wp-json\/wp\/v2\/product\/5802","targetHints":{"allow":["GET"]}}],"collection":[{"href":"https:\/\/kinnamark.se\/en\/wp-json\/wp\/v2\/product"}],"about":[{"href":"https:\/\/kinnamark.se\/en\/wp-json\/wp\/v2\/types\/product"}],"version-history":[{"count":7,"href":"https:\/\/kinnamark.se\/en\/wp-json\/wp\/v2\/product\/5802\/revisions"}],"predecessor-version":[{"id":5833,"href":"https:\/\/kinnamark.se\/en\/wp-json\/wp\/v2\/product\/5802\/revisions\/5833"}],"wp:featuredmedia":[{"embeddable":true,"href":"https:\/\/kinnamark.se\/en\/wp-json\/wp\/v2\/media\/5828"}],"wp:attachment":[{"href":"https:\/\/kinnamark.se\/en\/wp-json\/wp\/v2\/media?parent=5802"}],"wp:term":[{"taxonomy":"product_brand","embeddable":true,"href":"https:\/\/kinnamark.se\/en\/wp-json\/wp\/v2\/product_brand?post=5802"},{"taxonomy":"product_cat","embeddable":true,"href":"https:\/\/kinnamark.se\/en\/wp-json\/wp\/v2\/product_cat?post=5802"},{"taxonomy":"product_tag","embeddable":true,"href":"https:\/\/kinnamark.se\/en\/wp-json\/wp\/v2\/product_tag?post=5802"}],"curies":[{"name":"wp","href":"https:\/\/api.w.org\/{rel}","templated":true}]}}